{"id":161,"date":"2022-08-31T14:38:56","date_gmt":"2022-08-31T14:38:56","guid":{"rendered":"https:\/\/blandino.com.do\/site\/?page_id=161"},"modified":"2023-02-10T15:38:37","modified_gmt":"2023-02-10T15:38:37","slug":"servicios-velatorios","status":"publish","type":"page","link":"https:\/\/blandino.com.do\/site\/servicios-velatorios\/","title":{"rendered":"Servicios &#8211; Velatorios"},"content":{"rendered":"\t\t<div data-elementor-type=\"wp-page\" data-elementor-id=\"161\" class=\"elementor elementor-161\" data-elementor-post-type=\"page\">\n\t\t\t\t\t\t<section class=\"elementor-section elementor-top-section elementor-element elementor-element-00ad65b elementor-section-boxed elementor-section-height-default elementor-section-height-default\" data-id=\"00ad65b\" data-element_type=\"section\">\n\t\t\t\t\t\t<div class=\"elementor-container elementor-column-gap-default\">\n\t\t\t\t\t<div class=\"elementor-column elementor-col-33 elementor-top-column elementor-element elementor-element-2222d3f\" data-id=\"2222d3f\" data-element_type=\"column\">\n\t\t\t<div class=\"elementor-widget-wrap elementor-element-populated\">\n\t\t\t\t\t\t<div class=\"elementor-element elementor-element-7d72501 elementor-widget elementor-widget-template\" data-id=\"7d72501\" data-element_type=\"widget\" data-widget_type=\"template.default\">\n\t\t\t\t<div class=\"elementor-widget-container\">\n\t\t\t\t\t\t\t<div class=\"elementor-template\">\n\t\t\t\t\t<div data-elementor-type=\"section\" data-elementor-id=\"212\" class=\"elementor elementor-212\" data-elementor-post-type=\"elementor_library\">\n\t\t\t\t\t<div class=\"elementor-section-wrap\">\n\t\t\t\t\t\t\t\t<section class=\"elementor-section elementor-top-section elementor-element elementor-element-1bc8093 elementor-section-boxed elementor-section-height-default elementor-section-height-default\" data-id=\"1bc8093\" data-element_type=\"section\">\n\t\t\t\t\t\t<div class=\"elementor-container elementor-column-gap-default\">\n\t\t\t\t\t<div class=\"elementor-column elementor-col-100 elementor-top-column elementor-element elementor-element-30cee0e\" data-id=\"30cee0e\" data-element_type=\"column\">\n\t\t\t<div class=\"elementor-widget-wrap elementor-element-populated\">\n\t\t\t\t\t\t<div class=\"elementor-element elementor-element-5cd8ccc elementor-nav-menu__align-left elementor-nav-menu--dropdown-none elementor-widget elementor-widget-nav-menu\" data-id=\"5cd8ccc\" data-element_type=\"widget\" data-settings=\"{&quot;layout&quot;:&quot;vertical&quot;,&quot;submenu_icon&quot;:{&quot;value&quot;:&quot;&lt;i class=\\&quot;fas fa-caret-down\\&quot;&gt;&lt;\\\/i&gt;&quot;,&quot;library&quot;:&quot;fa-solid&quot;}}\" data-widget_type=\"nav-menu.default\">\n\t\t\t\t<div class=\"elementor-widget-container\">\n\t\t\t\t\t\t\t\t<nav class=\"elementor-nav-menu--main elementor-nav-menu__container elementor-nav-menu--layout-vertical e--pointer-text e--animation-grow\">\n\t\t\t\t<ul id=\"menu-1-5cd8ccc\" class=\"elementor-nav-menu sm-vertical\"><li class=\"menu-item menu-item-type-post_type menu-item-object-page menu-item-211\"><a href=\"https:\/\/blandino.com.do\/site\/servicios-arreglos-florales\/\" class=\"elementor-item menu-link\">Arreglos Florales<\/a><\/li>\n<li class=\"menu-item menu-item-type-post_type menu-item-object-page menu-item-179\"><a href=\"https:\/\/blandino.com.do\/site\/servicios-velatorios\/\" class=\"elementor-item menu-link\">Velatorios<\/a><\/li>\n<li class=\"menu-item menu-item-type-post_type menu-item-object-page menu-item-260\"><a href=\"https:\/\/blandino.com.do\/site\/servicios-pre-arreglo\/\" class=\"elementor-item menu-link\">Pre-arreglo<\/a><\/li>\n<li class=\"menu-item menu-item-type-post_type menu-item-object-page menu-item-233\"><a href=\"https:\/\/blandino.com.do\/site\/servicios-cremacion\/\" class=\"elementor-item menu-link\">Cremaci\u00f3n<\/a><\/li>\n<li class=\"menu-item menu-item-type-post_type menu-item-object-page menu-item-268\"><a href=\"https:\/\/blandino.com.do\/site\/servicios-repatriacion\/\" class=\"elementor-item menu-link\">Repatriaci\u00f3n<\/a><\/li>\n<li class=\"menu-item menu-item-type-post_type menu-item-object-page menu-item-247\"><a href=\"https:\/\/blandino.com.do\/site\/servicios-exhumacion\/\" class=\"elementor-item menu-link\">Exhumaci\u00f3n<\/a><\/li>\n<li class=\"menu-item menu-item-type-post_type menu-item-object-page menu-item-298\"><a href=\"https:\/\/blandino.com.do\/site\/servicios-traslados\/\" class=\"elementor-item menu-link\">Traslados<\/a><\/li>\n<li class=\"menu-item menu-item-type-post_type menu-item-object-page menu-item-288\"><a href=\"https:\/\/blandino.com.do\/site\/otros-servicios\/\" class=\"elementor-item menu-link\">Servicios adicionales<\/a><\/li>\n<li class=\"menu-item menu-item-type-post_type menu-item-object-page menu-item-917\"><a href=\"https:\/\/blandino.com.do\/site\/servicios-cementerio\/\" class=\"elementor-item menu-link\">Cementerio<\/a><\/li>\n<li class=\"menu-item menu-item-type-custom menu-item-object-custom menu-item-160\"><a href=\"#\" class=\"elementor-item elementor-item-anchor menu-link\">Enviar tarjeta<\/a><\/li>\n<\/ul>\t\t\t<\/nav>\n\t\t\t\t\t\t<nav class=\"elementor-nav-menu--dropdown elementor-nav-menu__container\" aria-hidden=\"true\">\n\t\t\t\t<ul id=\"menu-2-5cd8ccc\" class=\"elementor-nav-menu sm-vertical\"><li class=\"menu-item menu-item-type-post_type menu-item-object-page menu-item-211\"><a href=\"https:\/\/blandino.com.do\/site\/servicios-arreglos-florales\/\" class=\"elementor-item menu-link\" tabindex=\"-1\">Arreglos Florales<\/a><\/li>\n<li class=\"menu-item menu-item-type-post_type menu-item-object-page menu-item-179\"><a href=\"https:\/\/blandino.com.do\/site\/servicios-velatorios\/\" class=\"elementor-item menu-link\" tabindex=\"-1\">Velatorios<\/a><\/li>\n<li class=\"menu-item menu-item-type-post_type menu-item-object-page menu-item-260\"><a href=\"https:\/\/blandino.com.do\/site\/servicios-pre-arreglo\/\" class=\"elementor-item menu-link\" tabindex=\"-1\">Pre-arreglo<\/a><\/li>\n<li class=\"menu-item menu-item-type-post_type menu-item-object-page menu-item-233\"><a href=\"https:\/\/blandino.com.do\/site\/servicios-cremacion\/\" class=\"elementor-item menu-link\" tabindex=\"-1\">Cremaci\u00f3n<\/a><\/li>\n<li class=\"menu-item menu-item-type-post_type menu-item-object-page menu-item-268\"><a href=\"https:\/\/blandino.com.do\/site\/servicios-repatriacion\/\" class=\"elementor-item menu-link\" tabindex=\"-1\">Repatriaci\u00f3n<\/a><\/li>\n<li class=\"menu-item menu-item-type-post_type menu-item-object-page menu-item-247\"><a href=\"https:\/\/blandino.com.do\/site\/servicios-exhumacion\/\" class=\"elementor-item menu-link\" tabindex=\"-1\">Exhumaci\u00f3n<\/a><\/li>\n<li class=\"menu-item menu-item-type-post_type menu-item-object-page menu-item-298\"><a href=\"https:\/\/blandino.com.do\/site\/servicios-traslados\/\" class=\"elementor-item menu-link\" tabindex=\"-1\">Traslados<\/a><\/li>\n<li class=\"menu-item menu-item-type-post_type menu-item-object-page menu-item-288\"><a href=\"https:\/\/blandino.com.do\/site\/otros-servicios\/\" class=\"elementor-item menu-link\" tabindex=\"-1\">Servicios adicionales<\/a><\/li>\n<li class=\"menu-item menu-item-type-post_type menu-item-object-page menu-item-917\"><a href=\"https:\/\/blandino.com.do\/site\/servicios-cementerio\/\" class=\"elementor-item menu-link\" tabindex=\"-1\">Cementerio<\/a><\/li>\n<li class=\"menu-item menu-item-type-custom menu-item-object-custom menu-item-160\"><a href=\"#\" class=\"elementor-item elementor-item-anchor menu-link\" tabindex=\"-1\">Enviar tarjeta<\/a><\/li>\n<\/ul>\t\t\t<\/nav>\n\t\t\t\t\t\t<\/div>\n\t\t\t\t<\/div>\n\t\t\t\t\t<\/div>\n\t\t<\/div>\n\t\t\t\t\t<\/div>\n\t\t<\/section>\n\t\t\t\t\t\t\t<\/div>\n\t\t\t\t<\/div>\n\t\t\t\t<\/div>\n\t\t\t\t\t\t<\/div>\n\t\t\t\t<\/div>\n\t\t\t\t\t<\/div>\n\t\t<\/div>\n\t\t\t\t<div class=\"elementor-column elementor-col-33 elementor-top-column elementor-element elementor-element-9fdd916\" data-id=\"9fdd916\" data-element_type=\"column\">\n\t\t\t<div class=\"elementor-widget-wrap elementor-element-populated\">\n\t\t\t\t\t\t<div class=\"elementor-element elementor-element-858b061 elementor-widget elementor-widget-heading\" data-id=\"858b061\" data-element_type=\"widget\" data-widget_type=\"heading.default\">\n\t\t\t\t<div class=\"elementor-widget-container\">\n\t\t\t\t\t<h2 class=\"elementor-heading-title elementor-size-default\">Velatorios<\/h2>\t\t\t\t<\/div>\n\t\t\t\t<\/div>\n\t\t\t\t<div class=\"elementor-element elementor-element-a849159 elementor-widget elementor-widget-text-editor\" data-id=\"a849159\" data-element_type=\"widget\" data-widget_type=\"text-editor.default\">\n\t\t\t\t<div class=\"elementor-widget-container\">\n\t\t\t\t\t\t\t\t\t<p>El velatorio es el acto ceremonial donde honramos la memoria de un ser querido junto a familiares y amigos que le quieren.<\/p><p>Los servicios de velatorio pueden ser en cualquiera de nuestras facilidades, en la casa de la familia, en Iglesias o en salones de eventos.<\/p><p>Nuestros servicios incluyen: b\u00fasqueda del ser querido en el lugar de fallecimiento, sarc\u00f3fago, embalsamamiento, cosmetizaci\u00f3n, velatorio, traslado al cementerio.<br \/>Dependiendo el servicio elegido los atributos del mismo pueden cambiar, adem\u00e1s tenemos una variedad de servicios opcionales.<\/p><p>Los servicios en nuestras facilidades se dan en capillas completamente equipadas para que usted pueda crear un tributo personal y significativo a su ser querido, despu\u00e9s de todo, no todas las personas son iguales\u2026 \u00bfpor qu\u00e9 sus funerales si?<\/p><p>Para informarse sobre c\u00f3mo organizar un servicio funeral puede acercarse a cualquiera de nuestras sucursales o llamarnos y nuestro personal le asistir\u00e1 en todo lo que usted necesite para planificar un tributo de amor que recuerde el esp\u00edritu de la vida de su ser querido.<\/p>\t\t\t\t\t\t\t\t<\/div>\n\t\t\t\t<\/div>\n\t\t\t\t\t<\/div>\n\t\t<\/div>\n\t\t\t\t<div class=\"elementor-column elementor-col-33 elementor-top-column elementor-element elementor-element-0ebaf10\" data-id=\"0ebaf10\" data-element_type=\"column\" data-settings=\"{&quot;background_background&quot;:&quot;classic&quot;}\">\n\t\t\t<div class=\"elementor-widget-wrap elementor-element-populated\">\n\t\t\t\t\t\t<div class=\"elementor-element elementor-element-cd0cae9 elementor-widget elementor-widget-image\" data-id=\"cd0cae9\" data-element_type=\"widget\" data-widget_type=\"image.default\">\n\t\t\t\t<div class=\"elementor-widget-container\">\n\t\t\t\t\t\t\t\t\t\t\t\t\t\t\t<img fetchpriority=\"high\" decoding=\"async\" width=\"598\" height=\"972\" src=\"https:\/\/blandino.com.do\/site\/wp-content\/uploads\/2022\/08\/velatorios-imagen.jpg\" class=\"attachment-large size-large wp-image-172\" alt=\"\" srcset=\"https:\/\/blandino.com.do\/site\/wp-content\/uploads\/2022\/08\/velatorios-imagen.jpg 598w, https:\/\/blandino.com.do\/site\/wp-content\/uploads\/2022\/08\/velatorios-imagen-185x300.jpg 185w\" sizes=\"(max-width: 598px) 100vw, 598px\" \/>\t\t\t\t\t\t\t\t\t\t\t\t\t\t\t<\/div>\n\t\t\t\t<\/div>\n\t\t\t\t<div class=\"elementor-element elementor-element-0feae2d elementor-widget elementor-widget-text-editor\" data-id=\"0feae2d\" data-element_type=\"widget\" data-widget_type=\"text-editor.default\">\n\t\t\t\t<div class=\"elementor-widget-container\">\n\t\t\t\t\t\t\t\t\t<p>Ll\u00e1manos al (809) 533-3232<br \/>o escr\u00edbenos a<br \/>serviciosalcliente@blandino.com.do<\/p>\t\t\t\t\t\t\t\t<\/div>\n\t\t\t\t<\/div>\n\t\t\t\t\t<\/div>\n\t\t<\/div>\n\t\t\t\t\t<\/div>\n\t\t<\/section>\n\t\t\t\t<\/div>\n\t\t","protected":false},"excerpt":{"rendered":"<p>Velatorios El velatorio es el acto ceremonial donde honramos la memoria de un ser querido junto a familiares y amigos que le quieren. Los servicios de velatorio pueden ser en cualquiera de nuestras facilidades, en la casa de la familia, en Iglesias o en salones de eventos. Nuestros servicios incluyen: b\u00fasqueda del ser querido en &hellip;<\/p>\n<p class=\"read-more\"> <a class=\"\" href=\"https:\/\/blandino.com.do\/site\/servicios-velatorios\/\"> <span class=\"screen-reader-text\">Servicios &#8211; Velatorios<\/span> Leer m\u00e1s &raquo;<\/a><\/p>\n","protected":false},"author":1,"featured_media":0,"parent":0,"menu_order":0,"comment_status":"closed","ping_status":"closed","template":"","meta":{"site-sidebar-layout":"no-sidebar","site-content-layout":"page-builder","ast-global-header-display":"","ast-banner-title-visibility":"","ast-main-header-display":"","ast-hfb-above-header-display":"","ast-hfb-below-header-display":"","ast-hfb-mobile-header-display":"","site-post-title":"disabled","ast-breadcrumbs-content":"","ast-featured-img":"disabled","footer-sml-layout":"","theme-transparent-header-meta":"","adv-header-id-meta":"","stick-header-meta":"","header-above-stick-meta":"","header-main-stick-meta":"","header-below-stick-meta":"","footnotes":""},"class_list":["post-161","page","type-page","status-publish","hentry"],"_links":{"self":[{"href":"https:\/\/blandino.com.do\/site\/wp-json\/wp\/v2\/pages\/161","targetHints":{"allow":["GET"]}}],"collection":[{"href":"https:\/\/blandino.com.do\/site\/wp-json\/wp\/v2\/pages"}],"about":[{"href":"https:\/\/blandino.com.do\/site\/wp-json\/wp\/v2\/types\/page"}],"author":[{"embeddable":true,"href":"https:\/\/blandino.com.do\/site\/wp-json\/wp\/v2\/users\/1"}],"replies":[{"embeddable":true,"href":"https:\/\/blandino.com.do\/site\/wp-json\/wp\/v2\/comments?post=161"}],"version-history":[{"count":37,"href":"https:\/\/blandino.com.do\/site\/wp-json\/wp\/v2\/pages\/161\/revisions"}],"predecessor-version":[{"id":914,"href":"https:\/\/blandino.com.do\/site\/wp-json\/wp\/v2\/pages\/161\/revisions\/914"}],"wp:attachment":[{"href":"https:\/\/blandino.com.do\/site\/wp-json\/wp\/v2\/media?parent=161"}],"curies":[{"name":"wp","href":"https:\/\/api.w.org\/{rel}","templated":true}]}}