{"id":234,"date":"2022-09-01T14:40:15","date_gmt":"2022-09-01T14:40:15","guid":{"rendered":"https:\/\/blandino.com.do\/site\/?page_id=234"},"modified":"2022-10-11T18:09:56","modified_gmt":"2022-10-11T18:09:56","slug":"servicios-exhumacion","status":"publish","type":"page","link":"https:\/\/blandino.com.do\/site\/servicios-exhumacion\/","title":{"rendered":"Servicios &#8211; Exhumaci\u00f3n"},"content":{"rendered":"\t\t<div data-elementor-type=\"wp-page\" data-elementor-id=\"234\" class=\"elementor elementor-234\" data-elementor-post-type=\"page\">\n\t\t\t\t\t\t<section class=\"elementor-section elementor-top-section elementor-element elementor-element-85f4fef elementor-section-boxed elementor-section-height-default elementor-section-height-default\" data-id=\"85f4fef\" data-element_type=\"section\">\n\t\t\t\t\t\t<div class=\"elementor-container elementor-column-gap-default\">\n\t\t\t\t\t<div class=\"elementor-column elementor-col-33 elementor-top-column elementor-element elementor-element-d13861d\" data-id=\"d13861d\" data-element_type=\"column\">\n\t\t\t<div class=\"elementor-widget-wrap elementor-element-populated\">\n\t\t\t\t\t\t<div class=\"elementor-element elementor-element-00ea9e8 elementor-widget elementor-widget-template\" data-id=\"00ea9e8\" data-element_type=\"widget\" data-widget_type=\"template.default\">\n\t\t\t\t<div class=\"elementor-widget-container\">\n\t\t\t\t\t\t\t<div class=\"elementor-template\">\n\t\t\t\t\t<div data-elementor-type=\"section\" data-elementor-id=\"212\" class=\"elementor elementor-212\" data-elementor-post-type=\"elementor_library\">\n\t\t\t\t\t<div class=\"elementor-section-wrap\">\n\t\t\t\t\t\t\t\t<section class=\"elementor-section elementor-top-section elementor-element elementor-element-1bc8093 elementor-section-boxed elementor-section-height-default elementor-section-height-default\" data-id=\"1bc8093\" data-element_type=\"section\">\n\t\t\t\t\t\t<div class=\"elementor-container elementor-column-gap-default\">\n\t\t\t\t\t<div class=\"elementor-column elementor-col-100 elementor-top-column elementor-element elementor-element-30cee0e\" data-id=\"30cee0e\" data-element_type=\"column\">\n\t\t\t<div class=\"elementor-widget-wrap elementor-element-populated\">\n\t\t\t\t\t\t<div class=\"elementor-element elementor-element-5cd8ccc elementor-nav-menu__align-left elementor-nav-menu--dropdown-none elementor-widget elementor-widget-nav-menu\" data-id=\"5cd8ccc\" data-element_type=\"widget\" data-settings=\"{&quot;layout&quot;:&quot;vertical&quot;,&quot;submenu_icon&quot;:{&quot;value&quot;:&quot;&lt;i class=\\&quot;fas fa-caret-down\\&quot;&gt;&lt;\\\/i&gt;&quot;,&quot;library&quot;:&quot;fa-solid&quot;}}\" data-widget_type=\"nav-menu.default\">\n\t\t\t\t<div class=\"elementor-widget-container\">\n\t\t\t\t\t\t\t\t<nav class=\"elementor-nav-menu--main elementor-nav-menu__container elementor-nav-menu--layout-vertical e--pointer-text e--animation-grow\">\n\t\t\t\t<ul id=\"menu-1-5cd8ccc\" class=\"elementor-nav-menu sm-vertical\"><li class=\"menu-item menu-item-type-post_type menu-item-object-page menu-item-211\"><a href=\"https:\/\/blandino.com.do\/site\/servicios-arreglos-florales\/\" class=\"elementor-item menu-link\">Arreglos Florales<\/a><\/li>\n<li class=\"menu-item menu-item-type-post_type menu-item-object-page menu-item-179\"><a href=\"https:\/\/blandino.com.do\/site\/servicios-velatorios\/\" class=\"elementor-item menu-link\">Velatorios<\/a><\/li>\n<li class=\"menu-item menu-item-type-post_type menu-item-object-page menu-item-260\"><a href=\"https:\/\/blandino.com.do\/site\/servicios-pre-arreglo\/\" class=\"elementor-item menu-link\">Pre-arreglo<\/a><\/li>\n<li class=\"menu-item menu-item-type-post_type menu-item-object-page menu-item-233\"><a href=\"https:\/\/blandino.com.do\/site\/servicios-cremacion\/\" class=\"elementor-item menu-link\">Cremaci\u00f3n<\/a><\/li>\n<li class=\"menu-item menu-item-type-post_type menu-item-object-page menu-item-268\"><a href=\"https:\/\/blandino.com.do\/site\/servicios-repatriacion\/\" class=\"elementor-item menu-link\">Repatriaci\u00f3n<\/a><\/li>\n<li class=\"menu-item menu-item-type-post_type menu-item-object-page menu-item-247\"><a href=\"https:\/\/blandino.com.do\/site\/servicios-exhumacion\/\" class=\"elementor-item menu-link\">Exhumaci\u00f3n<\/a><\/li>\n<li class=\"menu-item menu-item-type-post_type menu-item-object-page menu-item-298\"><a href=\"https:\/\/blandino.com.do\/site\/servicios-traslados\/\" class=\"elementor-item menu-link\">Traslados<\/a><\/li>\n<li class=\"menu-item menu-item-type-post_type menu-item-object-page menu-item-288\"><a href=\"https:\/\/blandino.com.do\/site\/otros-servicios\/\" class=\"elementor-item menu-link\">Servicios adicionales<\/a><\/li>\n<li class=\"menu-item menu-item-type-post_type menu-item-object-page menu-item-917\"><a href=\"https:\/\/blandino.com.do\/site\/servicios-cementerio\/\" class=\"elementor-item menu-link\">Cementerio<\/a><\/li>\n<li class=\"menu-item menu-item-type-custom menu-item-object-custom menu-item-160\"><a href=\"#\" class=\"elementor-item elementor-item-anchor menu-link\">Enviar tarjeta<\/a><\/li>\n<\/ul>\t\t\t<\/nav>\n\t\t\t\t\t\t<nav class=\"elementor-nav-menu--dropdown elementor-nav-menu__container\" aria-hidden=\"true\">\n\t\t\t\t<ul id=\"menu-2-5cd8ccc\" class=\"elementor-nav-menu sm-vertical\"><li class=\"menu-item menu-item-type-post_type menu-item-object-page menu-item-211\"><a href=\"https:\/\/blandino.com.do\/site\/servicios-arreglos-florales\/\" class=\"elementor-item menu-link\" tabindex=\"-1\">Arreglos Florales<\/a><\/li>\n<li class=\"menu-item menu-item-type-post_type menu-item-object-page menu-item-179\"><a href=\"https:\/\/blandino.com.do\/site\/servicios-velatorios\/\" class=\"elementor-item menu-link\" tabindex=\"-1\">Velatorios<\/a><\/li>\n<li class=\"menu-item menu-item-type-post_type menu-item-object-page menu-item-260\"><a href=\"https:\/\/blandino.com.do\/site\/servicios-pre-arreglo\/\" class=\"elementor-item menu-link\" tabindex=\"-1\">Pre-arreglo<\/a><\/li>\n<li class=\"menu-item menu-item-type-post_type menu-item-object-page menu-item-233\"><a href=\"https:\/\/blandino.com.do\/site\/servicios-cremacion\/\" class=\"elementor-item menu-link\" tabindex=\"-1\">Cremaci\u00f3n<\/a><\/li>\n<li class=\"menu-item menu-item-type-post_type menu-item-object-page menu-item-268\"><a href=\"https:\/\/blandino.com.do\/site\/servicios-repatriacion\/\" class=\"elementor-item menu-link\" tabindex=\"-1\">Repatriaci\u00f3n<\/a><\/li>\n<li class=\"menu-item menu-item-type-post_type menu-item-object-page menu-item-247\"><a href=\"https:\/\/blandino.com.do\/site\/servicios-exhumacion\/\" class=\"elementor-item menu-link\" tabindex=\"-1\">Exhumaci\u00f3n<\/a><\/li>\n<li class=\"menu-item menu-item-type-post_type menu-item-object-page menu-item-298\"><a href=\"https:\/\/blandino.com.do\/site\/servicios-traslados\/\" class=\"elementor-item menu-link\" tabindex=\"-1\">Traslados<\/a><\/li>\n<li class=\"menu-item menu-item-type-post_type menu-item-object-page menu-item-288\"><a href=\"https:\/\/blandino.com.do\/site\/otros-servicios\/\" class=\"elementor-item menu-link\" tabindex=\"-1\">Servicios adicionales<\/a><\/li>\n<li class=\"menu-item menu-item-type-post_type menu-item-object-page menu-item-917\"><a href=\"https:\/\/blandino.com.do\/site\/servicios-cementerio\/\" class=\"elementor-item menu-link\" tabindex=\"-1\">Cementerio<\/a><\/li>\n<li class=\"menu-item menu-item-type-custom menu-item-object-custom menu-item-160\"><a href=\"#\" class=\"elementor-item elementor-item-anchor menu-link\" tabindex=\"-1\">Enviar tarjeta<\/a><\/li>\n<\/ul>\t\t\t<\/nav>\n\t\t\t\t\t\t<\/div>\n\t\t\t\t<\/div>\n\t\t\t\t\t<\/div>\n\t\t<\/div>\n\t\t\t\t\t<\/div>\n\t\t<\/section>\n\t\t\t\t\t\t\t<\/div>\n\t\t\t\t<\/div>\n\t\t\t\t<\/div>\n\t\t\t\t\t\t<\/div>\n\t\t\t\t<\/div>\n\t\t\t\t\t<\/div>\n\t\t<\/div>\n\t\t\t\t<div class=\"elementor-column elementor-col-33 elementor-top-column elementor-element elementor-element-a5b8a90\" data-id=\"a5b8a90\" data-element_type=\"column\">\n\t\t\t<div class=\"elementor-widget-wrap elementor-element-populated\">\n\t\t\t\t\t\t<div class=\"elementor-element elementor-element-b4d247a elementor-widget elementor-widget-heading\" data-id=\"b4d247a\" data-element_type=\"widget\" data-widget_type=\"heading.default\">\n\t\t\t\t<div class=\"elementor-widget-container\">\n\t\t\t\t\t<h2 class=\"elementor-heading-title elementor-size-default\">Exhumaci\u00f3n<\/h2>\t\t\t\t<\/div>\n\t\t\t\t<\/div>\n\t\t\t\t<div class=\"elementor-element elementor-element-7d759c6 elementor-widget elementor-widget-text-editor\" data-id=\"7d759c6\" data-element_type=\"widget\" data-widget_type=\"text-editor.default\">\n\t\t\t\t<div class=\"elementor-widget-container\">\n\t\t\t\t\t\t\t\t\t<p>Los servicios de exhumaci\u00f3n pueden ofrecerse siempre que la persona fallecida haya cumplido 5 a\u00f1os (sepultado en tierra) y 7 a\u00f1os (sepultado en nicho) de inhumaci\u00f3n. Para hacerlo se necesita una carta de la familia autoriz\u00e1ndonos a representarlos y a partir de ah\u00ed nos encargamos de todo lo dem\u00e1s. En algunos casos los traslados son internos (de un cementerio a otro) y en otros internacionales. En algunos casos, es necesario una vez exhumado el cuerpo proceder a la cremaci\u00f3n cuando se va a proceder a una repatriaci\u00f3n.<\/p><p><strong>Los requisitos son los siguientes:<\/strong><br \/><span style=\"color: #79add3;\">\u2022 Autorizaci\u00f3n de la familia formato carta<\/span><br \/><span style=\"color: #79add3;\">\u2022 Copia del certificado de defunci\u00f3n<\/span><br \/><span style=\"color: #79add3;\">\u2022 Copia del t\u00edtulo de propiedad pante\u00f3n<\/span><br \/><span style=\"color: #79add3;\">\u2022 Identificaci\u00f3n de familiar directo que autoriza<\/span><\/p>\t\t\t\t\t\t\t\t<\/div>\n\t\t\t\t<\/div>\n\t\t\t\t\t<\/div>\n\t\t<\/div>\n\t\t\t\t<div class=\"elementor-column elementor-col-33 elementor-top-column elementor-element elementor-element-dcae08d\" data-id=\"dcae08d\" data-element_type=\"column\">\n\t\t\t<div class=\"elementor-widget-wrap elementor-element-populated\">\n\t\t\t\t\t\t<div class=\"elementor-element elementor-element-27de3b7 elementor-widget elementor-widget-image\" data-id=\"27de3b7\" data-element_type=\"widget\" data-widget_type=\"image.default\">\n\t\t\t\t<div class=\"elementor-widget-container\">\n\t\t\t\t\t\t\t\t\t\t\t\t\t\t\t<img fetchpriority=\"high\" decoding=\"async\" width=\"598\" height=\"885\" src=\"https:\/\/blandino.com.do\/site\/wp-content\/uploads\/2022\/09\/exhumacion-imagen.jpg\" class=\"attachment-large size-large wp-image-243\" alt=\"\" srcset=\"https:\/\/blandino.com.do\/site\/wp-content\/uploads\/2022\/09\/exhumacion-imagen.jpg 598w, https:\/\/blandino.com.do\/site\/wp-content\/uploads\/2022\/09\/exhumacion-imagen-203x300.jpg 203w\" sizes=\"(max-width: 598px) 100vw, 598px\" \/>\t\t\t\t\t\t\t\t\t\t\t\t\t\t\t<\/div>\n\t\t\t\t<\/div>\n\t\t\t\t\t<\/div>\n\t\t<\/div>\n\t\t\t\t\t<\/div>\n\t\t<\/section>\n\t\t\t\t<\/div>\n\t\t","protected":false},"excerpt":{"rendered":"<p>Exhumaci\u00f3n Los servicios de exhumaci\u00f3n pueden ofrecerse siempre que la persona fallecida haya cumplido 5 a\u00f1os (sepultado en tierra) y 7 a\u00f1os (sepultado en nicho) de inhumaci\u00f3n. Para hacerlo se necesita una carta de la familia autoriz\u00e1ndonos a representarlos y a partir de ah\u00ed nos encargamos de todo lo dem\u00e1s. En algunos casos los traslados &hellip;<\/p>\n<p class=\"read-more\"> <a class=\"\" href=\"https:\/\/blandino.com.do\/site\/servicios-exhumacion\/\"> <span class=\"screen-reader-text\">Servicios &#8211; Exhumaci\u00f3n<\/span> Leer m\u00e1s &raquo;<\/a><\/p>\n","protected":false},"author":1,"featured_media":0,"parent":0,"menu_order":0,"comment_status":"closed","ping_status":"closed","template":"","meta":{"site-sidebar-layout":"no-sidebar","site-content-layout":"page-builder","ast-global-header-display":"","ast-banner-title-visibility":"","ast-main-header-display":"","ast-hfb-above-header-display":"","ast-hfb-below-header-display":"","ast-hfb-mobile-header-display":"","site-post-title":"disabled","ast-breadcrumbs-content":"","ast-featured-img":"disabled","footer-sml-layout":"","theme-transparent-header-meta":"","adv-header-id-meta":"","stick-header-meta":"","header-above-stick-meta":"","header-main-stick-meta":"","header-below-stick-meta":"","footnotes":""},"class_list":["post-234","page","type-page","status-publish","hentry"],"_links":{"self":[{"href":"https:\/\/blandino.com.do\/site\/wp-json\/wp\/v2\/pages\/234","targetHints":{"allow":["GET"]}}],"collection":[{"href":"https:\/\/blandino.com.do\/site\/wp-json\/wp\/v2\/pages"}],"about":[{"href":"https:\/\/blandino.com.do\/site\/wp-json\/wp\/v2\/types\/page"}],"author":[{"embeddable":true,"href":"https:\/\/blandino.com.do\/site\/wp-json\/wp\/v2\/users\/1"}],"replies":[{"embeddable":true,"href":"https:\/\/blandino.com.do\/site\/wp-json\/wp\/v2\/comments?post=234"}],"version-history":[{"count":16,"href":"https:\/\/blandino.com.do\/site\/wp-json\/wp\/v2\/pages\/234\/revisions"}],"predecessor-version":[{"id":850,"href":"https:\/\/blandino.com.do\/site\/wp-json\/wp\/v2\/pages\/234\/revisions\/850"}],"wp:attachment":[{"href":"https:\/\/blandino.com.do\/site\/wp-json\/wp\/v2\/media?parent=234"}],"curies":[{"name":"wp","href":"https:\/\/api.w.org\/{rel}","templated":true}]}}