{"id":248,"date":"2022-09-01T15:18:12","date_gmt":"2022-09-01T15:18:12","guid":{"rendered":"https:\/\/blandino.com.do\/site\/?page_id=248"},"modified":"2022-09-01T15:23:41","modified_gmt":"2022-09-01T15:23:41","slug":"servicios-pre-arreglo","status":"publish","type":"page","link":"https:\/\/blandino.com.do\/site\/servicios-pre-arreglo\/","title":{"rendered":"Servicios &#8211; Pre-arreglo"},"content":{"rendered":"\t\t<div data-elementor-type=\"wp-page\" data-elementor-id=\"248\" class=\"elementor elementor-248\" data-elementor-post-type=\"page\">\n\t\t\t\t\t\t<section class=\"elementor-section elementor-top-section elementor-element elementor-element-a6bf243 elementor-section-boxed elementor-section-height-default elementor-section-height-default\" data-id=\"a6bf243\" data-element_type=\"section\">\n\t\t\t\t\t\t<div class=\"elementor-container elementor-column-gap-default\">\n\t\t\t\t\t<div class=\"elementor-column elementor-col-33 elementor-top-column elementor-element elementor-element-ab45267\" data-id=\"ab45267\" data-element_type=\"column\">\n\t\t\t<div class=\"elementor-widget-wrap elementor-element-populated\">\n\t\t\t\t\t\t<div class=\"elementor-element elementor-element-e567602 elementor-widget elementor-widget-template\" data-id=\"e567602\" data-element_type=\"widget\" data-widget_type=\"template.default\">\n\t\t\t\t<div class=\"elementor-widget-container\">\n\t\t\t\t\t\t\t<div class=\"elementor-template\">\n\t\t\t\t\t<div data-elementor-type=\"section\" data-elementor-id=\"212\" class=\"elementor elementor-212\" data-elementor-post-type=\"elementor_library\">\n\t\t\t\t\t<div class=\"elementor-section-wrap\">\n\t\t\t\t\t\t\t\t<section class=\"elementor-section elementor-top-section elementor-element elementor-element-1bc8093 elementor-section-boxed elementor-section-height-default elementor-section-height-default\" data-id=\"1bc8093\" data-element_type=\"section\">\n\t\t\t\t\t\t<div class=\"elementor-container elementor-column-gap-default\">\n\t\t\t\t\t<div class=\"elementor-column elementor-col-100 elementor-top-column elementor-element elementor-element-30cee0e\" data-id=\"30cee0e\" data-element_type=\"column\">\n\t\t\t<div class=\"elementor-widget-wrap elementor-element-populated\">\n\t\t\t\t\t\t<div class=\"elementor-element elementor-element-5cd8ccc elementor-nav-menu__align-left elementor-nav-menu--dropdown-none elementor-widget elementor-widget-nav-menu\" data-id=\"5cd8ccc\" data-element_type=\"widget\" data-settings=\"{&quot;layout&quot;:&quot;vertical&quot;,&quot;submenu_icon&quot;:{&quot;value&quot;:&quot;&lt;i class=\\&quot;fas fa-caret-down\\&quot;&gt;&lt;\\\/i&gt;&quot;,&quot;library&quot;:&quot;fa-solid&quot;}}\" data-widget_type=\"nav-menu.default\">\n\t\t\t\t<div class=\"elementor-widget-container\">\n\t\t\t\t\t\t\t\t<nav class=\"elementor-nav-menu--main elementor-nav-menu__container elementor-nav-menu--layout-vertical e--pointer-text e--animation-grow\">\n\t\t\t\t<ul id=\"menu-1-5cd8ccc\" class=\"elementor-nav-menu sm-vertical\"><li class=\"menu-item menu-item-type-post_type menu-item-object-page menu-item-211\"><a href=\"https:\/\/blandino.com.do\/site\/servicios-arreglos-florales\/\" class=\"elementor-item menu-link\">Arreglos Florales<\/a><\/li>\n<li class=\"menu-item menu-item-type-post_type menu-item-object-page menu-item-179\"><a href=\"https:\/\/blandino.com.do\/site\/servicios-velatorios\/\" class=\"elementor-item menu-link\">Velatorios<\/a><\/li>\n<li class=\"menu-item menu-item-type-post_type menu-item-object-page menu-item-260\"><a href=\"https:\/\/blandino.com.do\/site\/servicios-pre-arreglo\/\" class=\"elementor-item menu-link\">Pre-arreglo<\/a><\/li>\n<li class=\"menu-item menu-item-type-post_type menu-item-object-page menu-item-233\"><a href=\"https:\/\/blandino.com.do\/site\/servicios-cremacion\/\" class=\"elementor-item menu-link\">Cremaci\u00f3n<\/a><\/li>\n<li class=\"menu-item menu-item-type-post_type menu-item-object-page menu-item-268\"><a href=\"https:\/\/blandino.com.do\/site\/servicios-repatriacion\/\" class=\"elementor-item menu-link\">Repatriaci\u00f3n<\/a><\/li>\n<li class=\"menu-item menu-item-type-post_type menu-item-object-page menu-item-247\"><a href=\"https:\/\/blandino.com.do\/site\/servicios-exhumacion\/\" class=\"elementor-item menu-link\">Exhumaci\u00f3n<\/a><\/li>\n<li class=\"menu-item menu-item-type-post_type menu-item-object-page menu-item-298\"><a href=\"https:\/\/blandino.com.do\/site\/servicios-traslados\/\" class=\"elementor-item menu-link\">Traslados<\/a><\/li>\n<li class=\"menu-item menu-item-type-post_type menu-item-object-page menu-item-288\"><a href=\"https:\/\/blandino.com.do\/site\/otros-servicios\/\" class=\"elementor-item menu-link\">Servicios adicionales<\/a><\/li>\n<li class=\"menu-item menu-item-type-post_type menu-item-object-page menu-item-917\"><a href=\"https:\/\/blandino.com.do\/site\/servicios-cementerio\/\" class=\"elementor-item menu-link\">Cementerio<\/a><\/li>\n<li class=\"menu-item menu-item-type-custom menu-item-object-custom menu-item-160\"><a href=\"#\" class=\"elementor-item elementor-item-anchor menu-link\">Enviar tarjeta<\/a><\/li>\n<\/ul>\t\t\t<\/nav>\n\t\t\t\t\t\t<nav class=\"elementor-nav-menu--dropdown elementor-nav-menu__container\" aria-hidden=\"true\">\n\t\t\t\t<ul id=\"menu-2-5cd8ccc\" class=\"elementor-nav-menu sm-vertical\"><li class=\"menu-item menu-item-type-post_type menu-item-object-page menu-item-211\"><a href=\"https:\/\/blandino.com.do\/site\/servicios-arreglos-florales\/\" class=\"elementor-item menu-link\" tabindex=\"-1\">Arreglos Florales<\/a><\/li>\n<li class=\"menu-item menu-item-type-post_type menu-item-object-page menu-item-179\"><a href=\"https:\/\/blandino.com.do\/site\/servicios-velatorios\/\" class=\"elementor-item menu-link\" tabindex=\"-1\">Velatorios<\/a><\/li>\n<li class=\"menu-item menu-item-type-post_type menu-item-object-page menu-item-260\"><a href=\"https:\/\/blandino.com.do\/site\/servicios-pre-arreglo\/\" class=\"elementor-item menu-link\" tabindex=\"-1\">Pre-arreglo<\/a><\/li>\n<li class=\"menu-item menu-item-type-post_type menu-item-object-page menu-item-233\"><a href=\"https:\/\/blandino.com.do\/site\/servicios-cremacion\/\" class=\"elementor-item menu-link\" tabindex=\"-1\">Cremaci\u00f3n<\/a><\/li>\n<li class=\"menu-item menu-item-type-post_type menu-item-object-page menu-item-268\"><a href=\"https:\/\/blandino.com.do\/site\/servicios-repatriacion\/\" class=\"elementor-item menu-link\" tabindex=\"-1\">Repatriaci\u00f3n<\/a><\/li>\n<li class=\"menu-item menu-item-type-post_type menu-item-object-page menu-item-247\"><a href=\"https:\/\/blandino.com.do\/site\/servicios-exhumacion\/\" class=\"elementor-item menu-link\" tabindex=\"-1\">Exhumaci\u00f3n<\/a><\/li>\n<li class=\"menu-item menu-item-type-post_type menu-item-object-page menu-item-298\"><a href=\"https:\/\/blandino.com.do\/site\/servicios-traslados\/\" class=\"elementor-item menu-link\" tabindex=\"-1\">Traslados<\/a><\/li>\n<li class=\"menu-item menu-item-type-post_type menu-item-object-page menu-item-288\"><a href=\"https:\/\/blandino.com.do\/site\/otros-servicios\/\" class=\"elementor-item menu-link\" tabindex=\"-1\">Servicios adicionales<\/a><\/li>\n<li class=\"menu-item menu-item-type-post_type menu-item-object-page menu-item-917\"><a href=\"https:\/\/blandino.com.do\/site\/servicios-cementerio\/\" class=\"elementor-item menu-link\" tabindex=\"-1\">Cementerio<\/a><\/li>\n<li class=\"menu-item menu-item-type-custom menu-item-object-custom menu-item-160\"><a href=\"#\" class=\"elementor-item elementor-item-anchor menu-link\" tabindex=\"-1\">Enviar tarjeta<\/a><\/li>\n<\/ul>\t\t\t<\/nav>\n\t\t\t\t\t\t<\/div>\n\t\t\t\t<\/div>\n\t\t\t\t\t<\/div>\n\t\t<\/div>\n\t\t\t\t\t<\/div>\n\t\t<\/section>\n\t\t\t\t\t\t\t<\/div>\n\t\t\t\t<\/div>\n\t\t\t\t<\/div>\n\t\t\t\t\t\t<\/div>\n\t\t\t\t<\/div>\n\t\t\t\t\t<\/div>\n\t\t<\/div>\n\t\t\t\t<div class=\"elementor-column elementor-col-33 elementor-top-column elementor-element elementor-element-fb4d219\" data-id=\"fb4d219\" data-element_type=\"column\">\n\t\t\t<div class=\"elementor-widget-wrap elementor-element-populated\">\n\t\t\t\t\t\t<div class=\"elementor-element elementor-element-8c4c74f elementor-widget elementor-widget-heading\" data-id=\"8c4c74f\" data-element_type=\"widget\" data-widget_type=\"heading.default\">\n\t\t\t\t<div class=\"elementor-widget-container\">\n\t\t\t\t\t<h2 class=\"elementor-heading-title elementor-size-default\">\u00bfQu\u00e9 es un Plan<br>\nde Pre-arreglo?<\/h2>\t\t\t\t<\/div>\n\t\t\t\t<\/div>\n\t\t\t\t<div class=\"elementor-element elementor-element-abbaaec elementor-widget elementor-widget-text-editor\" data-id=\"abbaaec\" data-element_type=\"widget\" data-widget_type=\"text-editor.default\">\n\t\t\t\t<div class=\"elementor-widget-container\">\n\t\t\t\t\t\t\t\t\t<p>El Pre-arreglo o pre-necesidad es un plan funerario que se organiza con antelaci\u00f3n y que permite hacer m\u00e1s f\u00e1cil para los miembros de su familia el momento de afrontar el fallecimiento de un ser querido.<\/p><p><span style=\"color: #79add3;\">\u2022 Es una muestra de amor y de responsabilidad para quienes cuentan con usted.<\/span><br \/><span style=\"color: #79add3;\">\u2022 Ev\u00edtele desde ahora tomar decisiones en momentos emocionalmente complicados.<\/span><br \/><span style=\"color: #79add3;\">\u2022 Un funeral es la celebraci\u00f3n de la vida de un ser querido.<\/span><\/p>\t\t\t\t\t\t\t\t<\/div>\n\t\t\t\t<\/div>\n\t\t\t\t\t<\/div>\n\t\t<\/div>\n\t\t\t\t<div class=\"elementor-column elementor-col-33 elementor-top-column elementor-element elementor-element-33c214d\" data-id=\"33c214d\" data-element_type=\"column\" data-settings=\"{&quot;background_background&quot;:&quot;classic&quot;}\">\n\t\t\t<div class=\"elementor-widget-wrap elementor-element-populated\">\n\t\t\t\t\t\t<div class=\"elementor-element elementor-element-f30d2e9 elementor-widget elementor-widget-image\" data-id=\"f30d2e9\" data-element_type=\"widget\" data-widget_type=\"image.default\">\n\t\t\t\t<div class=\"elementor-widget-container\">\n\t\t\t\t\t\t\t\t\t\t\t\t\t\t\t<img fetchpriority=\"high\" decoding=\"async\" width=\"598\" height=\"568\" src=\"https:\/\/blandino.com.do\/site\/wp-content\/uploads\/2022\/09\/pre-arreglo-imagen.jpg\" class=\"attachment-large size-large wp-image-256\" alt=\"\" srcset=\"https:\/\/blandino.com.do\/site\/wp-content\/uploads\/2022\/09\/pre-arreglo-imagen.jpg 598w, https:\/\/blandino.com.do\/site\/wp-content\/uploads\/2022\/09\/pre-arreglo-imagen-300x285.jpg 300w\" sizes=\"(max-width: 598px) 100vw, 598px\" \/>\t\t\t\t\t\t\t\t\t\t\t\t\t\t\t<\/div>\n\t\t\t\t<\/div>\n\t\t\t\t<div class=\"elementor-element elementor-element-0b2c281 elementor-widget elementor-widget-text-editor\" data-id=\"0b2c281\" data-element_type=\"widget\" data-widget_type=\"text-editor.default\">\n\t\t\t\t<div class=\"elementor-widget-container\">\n\t\t\t\t\t\t\t\t\t<p>Para m\u00e1s informaci\u00f3n visita:<br \/><strong>blandinoprearreglo.com.do<\/strong><\/p>\t\t\t\t\t\t\t\t<\/div>\n\t\t\t\t<\/div>\n\t\t\t\t\t<\/div>\n\t\t<\/div>\n\t\t\t\t\t<\/div>\n\t\t<\/section>\n\t\t\t\t<\/div>\n\t\t","protected":false},"excerpt":{"rendered":"<p>\u00bfQu\u00e9 es un Plan de Pre-arreglo? El Pre-arreglo o pre-necesidad es un plan funerario que se organiza con antelaci\u00f3n y que permite hacer m\u00e1s f\u00e1cil para los miembros de su familia el momento de afrontar el fallecimiento de un ser querido. \u2022 Es una muestra de amor y de responsabilidad para quienes cuentan con usted.\u2022 &hellip;<\/p>\n<p class=\"read-more\"> <a class=\"\" href=\"https:\/\/blandino.com.do\/site\/servicios-pre-arreglo\/\"> <span class=\"screen-reader-text\">Servicios &#8211; Pre-arreglo<\/span> Leer m\u00e1s &raquo;<\/a><\/p>\n","protected":false},"author":1,"featured_media":0,"parent":0,"menu_order":0,"comment_status":"closed","ping_status":"closed","template":"","meta":{"site-sidebar-layout":"no-sidebar","site-content-layout":"page-builder","ast-global-header-display":"","ast-banner-title-visibility":"","ast-main-header-display":"","ast-hfb-above-header-display":"","ast-hfb-below-header-display":"","ast-hfb-mobile-header-display":"","site-post-title":"disabled","ast-breadcrumbs-content":"","ast-featured-img":"disabled","footer-sml-layout":"","theme-transparent-header-meta":"","adv-header-id-meta":"","stick-header-meta":"","header-above-stick-meta":"","header-main-stick-meta":"","header-below-stick-meta":"","footnotes":""},"class_list":["post-248","page","type-page","status-publish","hentry"],"_links":{"self":[{"href":"https:\/\/blandino.com.do\/site\/wp-json\/wp\/v2\/pages\/248","targetHints":{"allow":["GET"]}}],"collection":[{"href":"https:\/\/blandino.com.do\/site\/wp-json\/wp\/v2\/pages"}],"about":[{"href":"https:\/\/blandino.com.do\/site\/wp-json\/wp\/v2\/types\/page"}],"author":[{"embeddable":true,"href":"https:\/\/blandino.com.do\/site\/wp-json\/wp\/v2\/users\/1"}],"replies":[{"embeddable":true,"href":"https:\/\/blandino.com.do\/site\/wp-json\/wp\/v2\/comments?post=248"}],"version-history":[{"count":10,"href":"https:\/\/blandino.com.do\/site\/wp-json\/wp\/v2\/pages\/248\/revisions"}],"predecessor-version":[{"id":259,"href":"https:\/\/blandino.com.do\/site\/wp-json\/wp\/v2\/pages\/248\/revisions\/259"}],"wp:attachment":[{"href":"https:\/\/blandino.com.do\/site\/wp-json\/wp\/v2\/media?parent=248"}],"curies":[{"name":"wp","href":"https:\/\/api.w.org\/{rel}","templated":true}]}}