{"id":352,"date":"2022-09-01T16:44:16","date_gmt":"2022-09-01T16:44:16","guid":{"rendered":"https:\/\/blandino.com.do\/site\/?page_id=352"},"modified":"2022-09-16T15:44:38","modified_gmt":"2022-09-16T15:44:38","slug":"somos-historia","status":"publish","type":"page","link":"https:\/\/blandino.com.do\/site\/somos-historia\/","title":{"rendered":"Somos &#8211; Historia"},"content":{"rendered":"\t\t<div data-elementor-type=\"wp-page\" data-elementor-id=\"352\" class=\"elementor elementor-352\" data-elementor-post-type=\"page\">\n\t\t\t\t\t\t<section class=\"elementor-section elementor-top-section elementor-element elementor-element-c5291a1 elementor-section-boxed elementor-section-height-default elementor-section-height-default\" data-id=\"c5291a1\" data-element_type=\"section\">\n\t\t\t\t\t\t<div class=\"elementor-container elementor-column-gap-default\">\n\t\t\t\t\t<div class=\"elementor-column elementor-col-33 elementor-top-column elementor-element elementor-element-0361e0c\" data-id=\"0361e0c\" data-element_type=\"column\">\n\t\t\t<div class=\"elementor-widget-wrap elementor-element-populated\">\n\t\t\t\t\t\t<div class=\"elementor-element elementor-element-6218b6e elementor-widget elementor-widget-template\" data-id=\"6218b6e\" data-element_type=\"widget\" data-widget_type=\"template.default\">\n\t\t\t\t<div class=\"elementor-widget-container\">\n\t\t\t\t\t\t\t<div class=\"elementor-template\">\n\t\t\t\t\t<div data-elementor-type=\"section\" data-elementor-id=\"357\" class=\"elementor elementor-357\" data-elementor-post-type=\"elementor_library\">\n\t\t\t\t\t<div class=\"elementor-section-wrap\">\n\t\t\t\t\t\t\t\t<section class=\"elementor-section elementor-top-section elementor-element elementor-element-2589f0c elementor-section-boxed elementor-section-height-default elementor-section-height-default\" data-id=\"2589f0c\" data-element_type=\"section\">\n\t\t\t\t\t\t<div class=\"elementor-container elementor-column-gap-default\">\n\t\t\t\t\t<div class=\"elementor-column elementor-col-100 elementor-top-column elementor-element elementor-element-ad69b49\" data-id=\"ad69b49\" data-element_type=\"column\">\n\t\t\t<div class=\"elementor-widget-wrap elementor-element-populated\">\n\t\t\t\t\t\t<div class=\"elementor-element elementor-element-7e38754 elementor-nav-menu__align-left elementor-nav-menu--dropdown-none elementor-widget elementor-widget-nav-menu\" data-id=\"7e38754\" data-element_type=\"widget\" data-settings=\"{&quot;layout&quot;:&quot;vertical&quot;,&quot;submenu_icon&quot;:{&quot;value&quot;:&quot;&lt;i class=\\&quot;fas fa-caret-down\\&quot;&gt;&lt;\\\/i&gt;&quot;,&quot;library&quot;:&quot;fa-solid&quot;}}\" data-widget_type=\"nav-menu.default\">\n\t\t\t\t<div class=\"elementor-widget-container\">\n\t\t\t\t\t\t\t\t<nav class=\"elementor-nav-menu--main elementor-nav-menu__container elementor-nav-menu--layout-vertical e--pointer-text e--animation-grow\">\n\t\t\t\t<ul id=\"menu-1-7e38754\" class=\"elementor-nav-menu sm-vertical\"><li class=\"menu-item menu-item-type-post_type menu-item-object-page menu-item-447\"><a href=\"https:\/\/blandino.com.do\/site\/sobre-nosotros\/\" class=\"elementor-item menu-link\">Sobre Nosotros<\/a><\/li>\n<li class=\"menu-item menu-item-type-post_type menu-item-object-page menu-item-361\"><a href=\"https:\/\/blandino.com.do\/site\/somos-historia\/\" class=\"elementor-item menu-link\">Historia<\/a><\/li>\n<li class=\"menu-item menu-item-type-post_type menu-item-object-page menu-item-428\"><a href=\"https:\/\/blandino.com.do\/site\/nuestro-equipo\/\" class=\"elementor-item menu-link\">Nuestro Equipo<\/a><\/li>\n<li class=\"menu-item menu-item-type-post_type menu-item-object-page menu-item-418\"><a href=\"https:\/\/blandino.com.do\/site\/mision-vision-y-valores\/\" class=\"elementor-item menu-link\">Misi\u00f3n, Visi\u00f3n y Valores<\/a><\/li>\n<li class=\"menu-item menu-item-type-post_type menu-item-object-page menu-item-456\"><a href=\"https:\/\/blandino.com.do\/site\/sucursales\/\" class=\"elementor-item menu-link\">Sucursales<\/a><\/li>\n<\/ul>\t\t\t<\/nav>\n\t\t\t\t\t\t<nav class=\"elementor-nav-menu--dropdown elementor-nav-menu__container\" aria-hidden=\"true\">\n\t\t\t\t<ul id=\"menu-2-7e38754\" class=\"elementor-nav-menu sm-vertical\"><li class=\"menu-item menu-item-type-post_type menu-item-object-page menu-item-447\"><a href=\"https:\/\/blandino.com.do\/site\/sobre-nosotros\/\" class=\"elementor-item menu-link\" tabindex=\"-1\">Sobre Nosotros<\/a><\/li>\n<li class=\"menu-item menu-item-type-post_type menu-item-object-page menu-item-361\"><a href=\"https:\/\/blandino.com.do\/site\/somos-historia\/\" class=\"elementor-item menu-link\" tabindex=\"-1\">Historia<\/a><\/li>\n<li class=\"menu-item menu-item-type-post_type menu-item-object-page menu-item-428\"><a href=\"https:\/\/blandino.com.do\/site\/nuestro-equipo\/\" class=\"elementor-item menu-link\" tabindex=\"-1\">Nuestro Equipo<\/a><\/li>\n<li class=\"menu-item menu-item-type-post_type menu-item-object-page menu-item-418\"><a href=\"https:\/\/blandino.com.do\/site\/mision-vision-y-valores\/\" class=\"elementor-item menu-link\" tabindex=\"-1\">Misi\u00f3n, Visi\u00f3n y Valores<\/a><\/li>\n<li class=\"menu-item menu-item-type-post_type menu-item-object-page menu-item-456\"><a href=\"https:\/\/blandino.com.do\/site\/sucursales\/\" class=\"elementor-item menu-link\" tabindex=\"-1\">Sucursales<\/a><\/li>\n<\/ul>\t\t\t<\/nav>\n\t\t\t\t\t\t<\/div>\n\t\t\t\t<\/div>\n\t\t\t\t\t<\/div>\n\t\t<\/div>\n\t\t\t\t\t<\/div>\n\t\t<\/section>\n\t\t\t\t\t\t\t<\/div>\n\t\t\t\t<\/div>\n\t\t\t\t<\/div>\n\t\t\t\t\t\t<\/div>\n\t\t\t\t<\/div>\n\t\t\t\t\t<\/div>\n\t\t<\/div>\n\t\t\t\t<div class=\"elementor-column elementor-col-66 elementor-top-column elementor-element elementor-element-52efb66\" data-id=\"52efb66\" data-element_type=\"column\">\n\t\t\t<div class=\"elementor-widget-wrap elementor-element-populated\">\n\t\t\t\t\t\t<div class=\"elementor-element elementor-element-46d3404 elementor-widget elementor-widget-heading\" data-id=\"46d3404\" data-element_type=\"widget\" data-widget_type=\"heading.default\">\n\t\t\t\t<div class=\"elementor-widget-container\">\n\t\t\t\t\t<h2 class=\"elementor-heading-title elementor-size-default\">Historia<\/h2>\t\t\t\t<\/div>\n\t\t\t\t<\/div>\n\t\t\t\t<div class=\"elementor-element elementor-element-0eb98b7 elementor-widget elementor-widget-text-editor\" data-id=\"0eb98b7\" data-element_type=\"widget\" data-widget_type=\"text-editor.default\">\n\t\t\t\t<div class=\"elementor-widget-container\">\n\t\t\t\t\t\t\t\t\t<p>En 1931, Atilano V. Blandino fund\u00f3 la empresa A. V. Blandino como una empresa funeraria que se ocupaba de trasladar todo lo necesario a las casas de las familias para los velatorios.<\/p><p>En 1959, abri\u00f3 la primera capilla funeraria del pa\u00eds la cual fue utilizada por primera vez en 1961 cuatro ingenieros alemanes que realizaban trabajos en el pa\u00eds y que perecieron en un accidente. Se velaron en dicha facilidad con lo que se di\u00f3 inicio a una nueva etapa en el quehacer funerario dominicano pues poco a poco en la ciudad de Santo Domingo, se fue cambiando la costumbre y a partir de esa fecha empezaron a realizarse los velatorios en dichos salones funerarios.<\/p><p>Consono con el crecimiento de la ciudad se fueron abriendo varias funerarias en la ciudad de Santo Domingo y Santiago y se fue desarrollando un personal que al d\u00eda de hoy conforma el equipo profesional funerario m\u00e1s exitoso y reconocido del pa\u00eds.<\/p>\t\t\t\t\t\t\t\t<\/div>\n\t\t\t\t<\/div>\n\t\t\t\t\t<\/div>\n\t\t<\/div>\n\t\t\t\t\t<\/div>\n\t\t<\/section>\n\t\t\t\t<section class=\"elementor-section elementor-top-section elementor-element elementor-element-ad5bf0a elementor-section-boxed elementor-section-height-default elementor-section-height-default\" data-id=\"ad5bf0a\" data-element_type=\"section\">\n\t\t\t\t\t\t<div class=\"elementor-container elementor-column-gap-default\">\n\t\t\t\t\t<div class=\"elementor-column elementor-col-100 elementor-top-column elementor-element elementor-element-487207b\" data-id=\"487207b\" data-element_type=\"column\">\n\t\t\t<div class=\"elementor-widget-wrap elementor-element-populated\">\n\t\t\t\t\t\t<div class=\"elementor-element elementor-element-ec66203 elementor-arrows-position-inside elementor-pagination-position-outside elementor-widget elementor-widget-image-carousel\" data-id=\"ec66203\" data-element_type=\"widget\" data-settings=\"{&quot;slides_to_show&quot;:&quot;4&quot;,&quot;image_spacing_custom&quot;:{&quot;unit&quot;:&quot;px&quot;,&quot;size&quot;:93,&quot;sizes&quot;:[]},&quot;navigation&quot;:&quot;both&quot;,&quot;autoplay&quot;:&quot;yes&quot;,&quot;pause_on_hover&quot;:&quot;yes&quot;,&quot;pause_on_interaction&quot;:&quot;yes&quot;,&quot;autoplay_speed&quot;:5000,&quot;infinite&quot;:&quot;yes&quot;,&quot;speed&quot;:500,&quot;image_spacing_custom_tablet&quot;:{&quot;unit&quot;:&quot;px&quot;,&quot;size&quot;:&quot;&quot;,&quot;sizes&quot;:[]},&quot;image_spacing_custom_mobile&quot;:{&quot;unit&quot;:&quot;px&quot;,&quot;size&quot;:&quot;&quot;,&quot;sizes&quot;:[]}}\" data-widget_type=\"image-carousel.default\">\n\t\t\t\t<div class=\"elementor-widget-container\">\n\t\t\t\t\t\t\t<div class=\"elementor-image-carousel-wrapper swiper\" role=\"region\" aria-roledescription=\"carousel\" aria-label=\"Carrusel de im\u00e1genes\" dir=\"ltr\">\n\t\t\t<div class=\"elementor-image-carousel swiper-wrapper\" aria-live=\"off\">\n\t\t\t\t\t\t\t\t<div class=\"swiper-slide\" role=\"group\" aria-roledescription=\"slide\" aria-label=\"1 de 10\"><figure class=\"swiper-slide-inner\"><img decoding=\"async\" class=\"swiper-slide-image\" src=\"https:\/\/blandino.com.do\/site\/wp-content\/uploads\/2022\/09\/foto01g-225x300.jpg\" alt=\"Atilano Vicente Blandino\" \/><figcaption class=\"elementor-image-carousel-caption\">Atilano Vicente Blandino<\/figcaption><\/figure><\/div><div class=\"swiper-slide\" role=\"group\" aria-roledescription=\"slide\" aria-label=\"2 de 10\"><figure class=\"swiper-slide-inner\"><img decoding=\"async\" class=\"swiper-slide-image\" src=\"https:\/\/blandino.com.do\/site\/wp-content\/uploads\/2022\/09\/foto02g-300x233.jpg\" alt=\"Funeraria Blandino, 1931\" \/><figcaption class=\"elementor-image-carousel-caption\">Funeraria Blandino, 1931<\/figcaption><\/figure><\/div><div class=\"swiper-slide\" role=\"group\" aria-roledescription=\"slide\" aria-label=\"3 de 10\"><figure class=\"swiper-slide-inner\"><img decoding=\"async\" class=\"swiper-slide-image\" src=\"https:\/\/blandino.com.do\/site\/wp-content\/uploads\/2022\/09\/foto05g-238x300.jpg\" alt=\"Parte del personal\/articulos\" \/><figcaption class=\"elementor-image-carousel-caption\">Parte del personal\/articulos<\/figcaption><\/figure><\/div><div class=\"swiper-slide\" role=\"group\" aria-roledescription=\"slide\" aria-label=\"4 de 10\"><figure class=\"swiper-slide-inner\"><img decoding=\"async\" class=\"swiper-slide-image\" src=\"https:\/\/blandino.com.do\/site\/wp-content\/uploads\/2022\/09\/foto03g-300x208.jpg\" alt=\"Juan Pablo Almonte, 1931\" \/><figcaption class=\"elementor-image-carousel-caption\">Juan Pablo Almonte, 1931<\/figcaption><\/figure><\/div><div class=\"swiper-slide\" role=\"group\" aria-roledescription=\"slide\" aria-label=\"5 de 10\"><figure class=\"swiper-slide-inner\"><img decoding=\"async\" class=\"swiper-slide-image\" src=\"https:\/\/blandino.com.do\/site\/wp-content\/uploads\/2022\/09\/foto08g-300x203.jpg\" alt=\"Capilla La Paz, 1970\" \/><figcaption class=\"elementor-image-carousel-caption\">Capilla La Paz, 1970<\/figcaption><\/figure><\/div><div class=\"swiper-slide\" role=\"group\" aria-roledescription=\"slide\" aria-label=\"6 de 10\"><figure class=\"swiper-slide-inner\"><img decoding=\"async\" class=\"swiper-slide-image\" src=\"https:\/\/blandino.com.do\/site\/wp-content\/uploads\/2022\/09\/foto06g-300x175.jpg\" alt=\"Carroza F\u00fanebre\" \/><figcaption class=\"elementor-image-carousel-caption\">Carroza F\u00fanebre<\/figcaption><\/figure><\/div><div class=\"swiper-slide\" role=\"group\" aria-roledescription=\"slide\" aria-label=\"7 de 10\"><figure class=\"swiper-slide-inner\"><img decoding=\"async\" class=\"swiper-slide-image\" src=\"https:\/\/blandino.com.do\/site\/wp-content\/uploads\/2022\/09\/foto07g-300x171.jpg\" alt=\"Carroza F\u00fanebre\" \/><figcaption class=\"elementor-image-carousel-caption\">Carroza F\u00fanebre<\/figcaption><\/figure><\/div><div class=\"swiper-slide\" role=\"group\" aria-roledescription=\"slide\" aria-label=\"8 de 10\"><figure class=\"swiper-slide-inner\"><img decoding=\"async\" class=\"swiper-slide-image\" src=\"https:\/\/blandino.com.do\/site\/wp-content\/uploads\/2022\/09\/foto09g-300x203.jpg\" alt=\"Capilla La Paz, 1997\" \/><figcaption class=\"elementor-image-carousel-caption\">Capilla La Paz, 1997<\/figcaption><\/figure><\/div><div class=\"swiper-slide\" role=\"group\" aria-roledescription=\"slide\" aria-label=\"9 de 10\"><figure class=\"swiper-slide-inner\"><img decoding=\"async\" class=\"swiper-slide-image\" src=\"https:\/\/blandino.com.do\/site\/wp-content\/uploads\/2022\/09\/foto11g-300x199.jpg\" alt=\"Capilla La Paz\" \/><figcaption class=\"elementor-image-carousel-caption\">Capilla La Paz<\/figcaption><\/figure><\/div><div class=\"swiper-slide\" role=\"group\" aria-roledescription=\"slide\" aria-label=\"10 de 10\"><figure class=\"swiper-slide-inner\"><img decoding=\"async\" class=\"swiper-slide-image\" src=\"https:\/\/blandino.com.do\/site\/wp-content\/uploads\/2022\/09\/foto10g-300x198.jpg\" alt=\"Fernando Arredondo y Familia\" \/><figcaption class=\"elementor-image-carousel-caption\">Fernando Arredondo y Familia<\/figcaption><\/figure><\/div>\t\t\t<\/div>\n\t\t\t\t\t\t\t\t\t\t\t\t<div class=\"elementor-swiper-button elementor-swiper-button-prev\" role=\"button\" tabindex=\"0\">\n\t\t\t\t\t\t<i aria-hidden=\"true\" class=\"eicon-chevron-left\"><\/i>\t\t\t\t\t<\/div>\n\t\t\t\t\t<div class=\"elementor-swiper-button elementor-swiper-button-next\" role=\"button\" tabindex=\"0\">\n\t\t\t\t\t\t<i aria-hidden=\"true\" class=\"eicon-chevron-right\"><\/i>\t\t\t\t\t<\/div>\n\t\t\t\t\n\t\t\t\t\t\t\t\t\t<div class=\"swiper-pagination\"><\/div>\n\t\t\t\t\t\t\t\t\t<\/div>\n\t\t\t\t\t\t<\/div>\n\t\t\t\t<\/div>\n\t\t\t\t\t<\/div>\n\t\t<\/div>\n\t\t\t\t\t<\/div>\n\t\t<\/section>\n\t\t\t\t<\/div>\n\t\t","protected":false},"excerpt":{"rendered":"<p>Historia En 1931, Atilano V. Blandino fund\u00f3 la empresa A. V. Blandino como una empresa funeraria que se ocupaba de trasladar todo lo necesario a las casas de las familias para los velatorios. En 1959, abri\u00f3 la primera capilla funeraria del pa\u00eds la cual fue utilizada por primera vez en 1961 cuatro ingenieros alemanes que &hellip;<\/p>\n<p class=\"read-more\"> <a class=\"\" href=\"https:\/\/blandino.com.do\/site\/somos-historia\/\"> <span class=\"screen-reader-text\">Somos &#8211; Historia<\/span> Leer m\u00e1s &raquo;<\/a><\/p>\n","protected":false},"author":1,"featured_media":0,"parent":0,"menu_order":0,"comment_status":"closed","ping_status":"closed","template":"","meta":{"site-sidebar-layout":"no-sidebar","site-content-layout":"page-builder","ast-global-header-display":"","ast-banner-title-visibility":"","ast-main-header-display":"","ast-hfb-above-header-display":"","ast-hfb-below-header-display":"","ast-hfb-mobile-header-display":"","site-post-title":"disabled","ast-breadcrumbs-content":"","ast-featured-img":"disabled","footer-sml-layout":"","theme-transparent-header-meta":"","adv-header-id-meta":"","stick-header-meta":"","header-above-stick-meta":"","header-main-stick-meta":"","header-below-stick-meta":"","footnotes":""},"class_list":["post-352","page","type-page","status-publish","hentry"],"_links":{"self":[{"href":"https:\/\/blandino.com.do\/site\/wp-json\/wp\/v2\/pages\/352","targetHints":{"allow":["GET"]}}],"collection":[{"href":"https:\/\/blandino.com.do\/site\/wp-json\/wp\/v2\/pages"}],"about":[{"href":"https:\/\/blandino.com.do\/site\/wp-json\/wp\/v2\/types\/page"}],"author":[{"embeddable":true,"href":"https:\/\/blandino.com.do\/site\/wp-json\/wp\/v2\/users\/1"}],"replies":[{"embeddable":true,"href":"https:\/\/blandino.com.do\/site\/wp-json\/wp\/v2\/comments?post=352"}],"version-history":[{"count":37,"href":"https:\/\/blandino.com.do\/site\/wp-json\/wp\/v2\/pages\/352\/revisions"}],"predecessor-version":[{"id":814,"href":"https:\/\/blandino.com.do\/site\/wp-json\/wp\/v2\/pages\/352\/revisions\/814"}],"wp:attachment":[{"href":"https:\/\/blandino.com.do\/site\/wp-json\/wp\/v2\/media?parent=352"}],"curies":[{"name":"wp","href":"https:\/\/api.w.org\/{rel}","templated":true}]}}