{"id":398,"date":"2022-09-01T18:03:45","date_gmt":"2022-09-01T18:03:45","guid":{"rendered":"https:\/\/blandino.com.do\/site\/?page_id=398"},"modified":"2022-10-11T17:10:18","modified_gmt":"2022-10-11T17:10:18","slug":"mision-vision-y-valores","status":"publish","type":"page","link":"https:\/\/blandino.com.do\/site\/mision-vision-y-valores\/","title":{"rendered":"Misi\u00f3n, Visi\u00f3n y Valores"},"content":{"rendered":"\t\t<div data-elementor-type=\"wp-page\" data-elementor-id=\"398\" class=\"elementor elementor-398\" data-elementor-post-type=\"page\">\n\t\t\t\t\t\t<section class=\"elementor-section elementor-top-section elementor-element elementor-element-b2d6b9a elementor-section-boxed elementor-section-height-default elementor-section-height-default\" data-id=\"b2d6b9a\" data-element_type=\"section\">\n\t\t\t\t\t\t<div class=\"elementor-container elementor-column-gap-default\">\n\t\t\t\t\t<div class=\"elementor-column elementor-col-33 elementor-top-column elementor-element elementor-element-ef6cca8\" data-id=\"ef6cca8\" data-element_type=\"column\">\n\t\t\t<div class=\"elementor-widget-wrap elementor-element-populated\">\n\t\t\t\t\t\t<div class=\"elementor-element elementor-element-ebf025e elementor-widget elementor-widget-template\" data-id=\"ebf025e\" data-element_type=\"widget\" data-widget_type=\"template.default\">\n\t\t\t\t<div class=\"elementor-widget-container\">\n\t\t\t\t\t\t\t<div class=\"elementor-template\">\n\t\t\t\t\t<div data-elementor-type=\"section\" data-elementor-id=\"357\" class=\"elementor elementor-357\" data-elementor-post-type=\"elementor_library\">\n\t\t\t\t\t<div class=\"elementor-section-wrap\">\n\t\t\t\t\t\t\t\t<section class=\"elementor-section elementor-top-section elementor-element elementor-element-2589f0c elementor-section-boxed elementor-section-height-default elementor-section-height-default\" data-id=\"2589f0c\" data-element_type=\"section\">\n\t\t\t\t\t\t<div class=\"elementor-container elementor-column-gap-default\">\n\t\t\t\t\t<div class=\"elementor-column elementor-col-100 elementor-top-column elementor-element elementor-element-ad69b49\" data-id=\"ad69b49\" data-element_type=\"column\">\n\t\t\t<div class=\"elementor-widget-wrap elementor-element-populated\">\n\t\t\t\t\t\t<div class=\"elementor-element elementor-element-7e38754 elementor-nav-menu__align-left elementor-nav-menu--dropdown-none elementor-widget elementor-widget-nav-menu\" data-id=\"7e38754\" data-element_type=\"widget\" data-settings=\"{&quot;layout&quot;:&quot;vertical&quot;,&quot;submenu_icon&quot;:{&quot;value&quot;:&quot;&lt;i class=\\&quot;fas fa-caret-down\\&quot;&gt;&lt;\\\/i&gt;&quot;,&quot;library&quot;:&quot;fa-solid&quot;}}\" data-widget_type=\"nav-menu.default\">\n\t\t\t\t<div class=\"elementor-widget-container\">\n\t\t\t\t\t\t\t\t<nav class=\"elementor-nav-menu--main elementor-nav-menu__container elementor-nav-menu--layout-vertical e--pointer-text e--animation-grow\">\n\t\t\t\t<ul id=\"menu-1-7e38754\" class=\"elementor-nav-menu sm-vertical\"><li class=\"menu-item menu-item-type-post_type menu-item-object-page menu-item-447\"><a href=\"https:\/\/blandino.com.do\/site\/sobre-nosotros\/\" class=\"elementor-item menu-link\">Sobre Nosotros<\/a><\/li>\n<li class=\"menu-item menu-item-type-post_type menu-item-object-page menu-item-361\"><a href=\"https:\/\/blandino.com.do\/site\/somos-historia\/\" class=\"elementor-item menu-link\">Historia<\/a><\/li>\n<li class=\"menu-item menu-item-type-post_type menu-item-object-page menu-item-428\"><a href=\"https:\/\/blandino.com.do\/site\/nuestro-equipo\/\" class=\"elementor-item menu-link\">Nuestro Equipo<\/a><\/li>\n<li class=\"menu-item menu-item-type-post_type menu-item-object-page menu-item-418\"><a href=\"https:\/\/blandino.com.do\/site\/mision-vision-y-valores\/\" class=\"elementor-item menu-link\">Misi\u00f3n, Visi\u00f3n y Valores<\/a><\/li>\n<li class=\"menu-item menu-item-type-post_type menu-item-object-page menu-item-456\"><a href=\"https:\/\/blandino.com.do\/site\/sucursales\/\" class=\"elementor-item menu-link\">Sucursales<\/a><\/li>\n<\/ul>\t\t\t<\/nav>\n\t\t\t\t\t\t<nav class=\"elementor-nav-menu--dropdown elementor-nav-menu__container\" aria-hidden=\"true\">\n\t\t\t\t<ul id=\"menu-2-7e38754\" class=\"elementor-nav-menu sm-vertical\"><li class=\"menu-item menu-item-type-post_type menu-item-object-page menu-item-447\"><a href=\"https:\/\/blandino.com.do\/site\/sobre-nosotros\/\" class=\"elementor-item menu-link\" tabindex=\"-1\">Sobre Nosotros<\/a><\/li>\n<li class=\"menu-item menu-item-type-post_type menu-item-object-page menu-item-361\"><a href=\"https:\/\/blandino.com.do\/site\/somos-historia\/\" class=\"elementor-item menu-link\" tabindex=\"-1\">Historia<\/a><\/li>\n<li class=\"menu-item menu-item-type-post_type menu-item-object-page menu-item-428\"><a href=\"https:\/\/blandino.com.do\/site\/nuestro-equipo\/\" class=\"elementor-item menu-link\" tabindex=\"-1\">Nuestro Equipo<\/a><\/li>\n<li class=\"menu-item menu-item-type-post_type menu-item-object-page menu-item-418\"><a href=\"https:\/\/blandino.com.do\/site\/mision-vision-y-valores\/\" class=\"elementor-item menu-link\" tabindex=\"-1\">Misi\u00f3n, Visi\u00f3n y Valores<\/a><\/li>\n<li class=\"menu-item menu-item-type-post_type menu-item-object-page menu-item-456\"><a href=\"https:\/\/blandino.com.do\/site\/sucursales\/\" class=\"elementor-item menu-link\" tabindex=\"-1\">Sucursales<\/a><\/li>\n<\/ul>\t\t\t<\/nav>\n\t\t\t\t\t\t<\/div>\n\t\t\t\t<\/div>\n\t\t\t\t\t<\/div>\n\t\t<\/div>\n\t\t\t\t\t<\/div>\n\t\t<\/section>\n\t\t\t\t\t\t\t<\/div>\n\t\t\t\t<\/div>\n\t\t\t\t<\/div>\n\t\t\t\t\t\t<\/div>\n\t\t\t\t<\/div>\n\t\t\t\t\t<\/div>\n\t\t<\/div>\n\t\t\t\t<div class=\"elementor-column elementor-col-66 elementor-top-column elementor-element elementor-element-98ecc0c\" data-id=\"98ecc0c\" data-element_type=\"column\">\n\t\t\t<div class=\"elementor-widget-wrap elementor-element-populated\">\n\t\t\t\t\t\t<div class=\"elementor-element elementor-element-9b31cfa elementor-widget elementor-widget-heading\" data-id=\"9b31cfa\" data-element_type=\"widget\" data-widget_type=\"heading.default\">\n\t\t\t\t<div class=\"elementor-widget-container\">\n\t\t\t\t\t<h2 class=\"elementor-heading-title elementor-size-default\">Misi\u00f3n, Visi\u00f3n y Valores<\/h2>\t\t\t\t<\/div>\n\t\t\t\t<\/div>\n\t\t\t\t<div class=\"elementor-element elementor-element-c196c79 elementor-widget elementor-widget-text-editor\" data-id=\"c196c79\" data-element_type=\"widget\" data-widget_type=\"text-editor.default\">\n\t\t\t\t<div class=\"elementor-widget-container\">\n\t\t\t\t\t\t\t\t\t<p><span style=\"color: #79add3;\"><strong>MISI\u00d3N<\/strong><\/span><br \/>Empresa pionera y l\u00edder en el mercado de servicios funerarios con el claro prop\u00f3sito \u00abhaciendo m\u00e1s f\u00e1cil el momento m\u00e1s dif\u00edcil\u00bb de sus clientes, brind\u00e1ndoles servicios de calidad que satisfagan sus necesidades y expectativas; para lo cual cuenta con personal capacitado y emp\u00e1tico orientado a ofrecer un trato personalizado.<\/p><p><span style=\"color: #79add3;\"><strong>VISI\u00d3N<\/strong><\/span><br \/>Mantener la marca Funeraria Blandino posicionada como l\u00edder del mercado en servicios funerarios para todas las familias locales e internacionales, la expansi\u00f3n de su cobertura y la mejora continua de procesos que garanticen la calidad.<\/p><p><span style=\"color: #79add3;\"><strong>VALORES<\/strong><\/span><br \/>Confianza, Honestidad, Servicio Personalizado, Respeto, Discreci\u00f3n, \u00c9tica, Compromiso, Empat\u00eda, Responsabilidad e Integridad.<\/p>\t\t\t\t\t\t\t\t<\/div>\n\t\t\t\t<\/div>\n\t\t\t\t\t<\/div>\n\t\t<\/div>\n\t\t\t\t\t<\/div>\n\t\t<\/section>\n\t\t\t\t<section class=\"elementor-section elementor-top-section elementor-element elementor-element-2d3368f elementor-section-boxed elementor-section-height-default elementor-section-height-default\" data-id=\"2d3368f\" data-element_type=\"section\">\n\t\t\t\t\t\t<div class=\"elementor-container elementor-column-gap-default\">\n\t\t\t\t\t<div class=\"elementor-column elementor-col-33 elementor-top-column elementor-element elementor-element-d76e42d\" data-id=\"d76e42d\" data-element_type=\"column\">\n\t\t\t<div class=\"elementor-widget-wrap\">\n\t\t\t\t\t\t\t<\/div>\n\t\t<\/div>\n\t\t\t\t<div class=\"elementor-column elementor-col-66 elementor-top-column elementor-element elementor-element-c6ba452\" data-id=\"c6ba452\" data-element_type=\"column\" data-settings=\"{&quot;background_background&quot;:&quot;classic&quot;}\">\n\t\t\t<div class=\"elementor-widget-wrap elementor-element-populated\">\n\t\t\t\t\t\t<div class=\"elementor-element elementor-element-7516f8e elementor-widget elementor-widget-heading\" data-id=\"7516f8e\" data-element_type=\"widget\" data-widget_type=\"heading.default\">\n\t\t\t\t<div class=\"elementor-widget-container\">\n\t\t\t\t\t<h2 class=\"elementor-heading-title elementor-size-default\">Pol\u00edticas de Calidad<\/h2>\t\t\t\t<\/div>\n\t\t\t\t<\/div>\n\t\t\t\t<div class=\"elementor-element elementor-element-ec465ed elementor-widget elementor-widget-text-editor\" data-id=\"ec465ed\" data-element_type=\"widget\" data-widget_type=\"text-editor.default\">\n\t\t\t\t<div class=\"elementor-widget-container\">\n\t\t\t\t\t\t\t\t\t<p>Proveer a nuestros clientes servicios funerarios de manera \u00e1gil, oportuna y humana; haciendo m\u00e1s f\u00e1cil su momento m\u00e1s dif\u00edcil, con el claro prop\u00f3sito de satisfacer sus necesidades y superar sus expectativas.<\/p><p><strong>Para lograrlo, trabajamos enfocados en:<\/strong><br \/>\u2022 El cliente, garantizando la profesionalidad, delicadeza, eficiencia y atenci\u00f3n personalizada en todos los servicios.<br \/>\u2022 La total transparencia y claridad de nuestra gesti\u00f3n en los servicios prestados.<br \/>\u2022 La aplicaci\u00f3n de las mejores pr\u00e1cticas, la mejora continua en los procesos que conforman nuestro sistema de gesti\u00f3n de la calidad y la competencia de nuestro personal.<br \/>\u2022 El fortalecimiento de nuestro liderazgo en el mercado dominicano e internacional.<\/p>\t\t\t\t\t\t\t\t<\/div>\n\t\t\t\t<\/div>\n\t\t\t\t\t<\/div>\n\t\t<\/div>\n\t\t\t\t\t<\/div>\n\t\t<\/section>\n\t\t\t\t<\/div>\n\t\t","protected":false},"excerpt":{"rendered":"<p>Misi\u00f3n, Visi\u00f3n y Valores MISI\u00d3NEmpresa pionera y l\u00edder en el mercado de servicios funerarios con el claro prop\u00f3sito \u00abhaciendo m\u00e1s f\u00e1cil el momento m\u00e1s dif\u00edcil\u00bb de sus clientes, brind\u00e1ndoles servicios de calidad que satisfagan sus necesidades y expectativas; para lo cual cuenta con personal capacitado y emp\u00e1tico orientado a ofrecer un trato personalizado. VISI\u00d3NMantener la &hellip;<\/p>\n<p class=\"read-more\"> <a class=\"\" href=\"https:\/\/blandino.com.do\/site\/mision-vision-y-valores\/\"> <span class=\"screen-reader-text\">Misi\u00f3n, Visi\u00f3n y Valores<\/span> Leer m\u00e1s &raquo;<\/a><\/p>\n","protected":false},"author":1,"featured_media":0,"parent":0,"menu_order":0,"comment_status":"closed","ping_status":"closed","template":"","meta":{"site-sidebar-layout":"no-sidebar","site-content-layout":"page-builder","ast-global-header-display":"","ast-banner-title-visibility":"","ast-main-header-display":"","ast-hfb-above-header-display":"","ast-hfb-below-header-display":"","ast-hfb-mobile-header-display":"","site-post-title":"disabled","ast-breadcrumbs-content":"","ast-featured-img":"disabled","footer-sml-layout":"","theme-transparent-header-meta":"","adv-header-id-meta":"","stick-header-meta":"","header-above-stick-meta":"","header-main-stick-meta":"","header-below-stick-meta":"","footnotes":""},"class_list":["post-398","page","type-page","status-publish","hentry"],"_links":{"self":[{"href":"https:\/\/blandino.com.do\/site\/wp-json\/wp\/v2\/pages\/398","targetHints":{"allow":["GET"]}}],"collection":[{"href":"https:\/\/blandino.com.do\/site\/wp-json\/wp\/v2\/pages"}],"about":[{"href":"https:\/\/blandino.com.do\/site\/wp-json\/wp\/v2\/types\/page"}],"author":[{"embeddable":true,"href":"https:\/\/blandino.com.do\/site\/wp-json\/wp\/v2\/users\/1"}],"replies":[{"embeddable":true,"href":"https:\/\/blandino.com.do\/site\/wp-json\/wp\/v2\/comments?post=398"}],"version-history":[{"count":28,"href":"https:\/\/blandino.com.do\/site\/wp-json\/wp\/v2\/pages\/398\/revisions"}],"predecessor-version":[{"id":844,"href":"https:\/\/blandino.com.do\/site\/wp-json\/wp\/v2\/pages\/398\/revisions\/844"}],"wp:attachment":[{"href":"https:\/\/blandino.com.do\/site\/wp-json\/wp\/v2\/media?parent=398"}],"curies":[{"name":"wp","href":"https:\/\/api.w.org\/{rel}","templated":true}]}}