{"id":614,"date":"2022-09-06T16:39:28","date_gmt":"2022-09-06T16:39:28","guid":{"rendered":"https:\/\/blandino.com.do\/site\/?page_id=614"},"modified":"2023-07-11T13:45:10","modified_gmt":"2023-07-11T13:45:10","slug":"contactos","status":"publish","type":"page","link":"https:\/\/blandino.com.do\/site\/contactos\/","title":{"rendered":"Contactos"},"content":{"rendered":"\t\t<div data-elementor-type=\"wp-page\" data-elementor-id=\"614\" class=\"elementor elementor-614\" data-elementor-post-type=\"page\">\n\t\t\t\t\t\t<section class=\"elementor-section elementor-top-section elementor-element elementor-element-1bf9e9c elementor-section-boxed elementor-section-height-default elementor-section-height-default\" data-id=\"1bf9e9c\" data-element_type=\"section\">\n\t\t\t\t\t\t<div class=\"elementor-container elementor-column-gap-default\">\n\t\t\t\t\t<div class=\"elementor-column elementor-col-100 elementor-top-column elementor-element elementor-element-e5a9b31\" data-id=\"e5a9b31\" data-element_type=\"column\">\n\t\t\t<div class=\"elementor-widget-wrap elementor-element-populated\">\n\t\t\t\t\t\t<div class=\"elementor-element elementor-element-d5e83c5 elementor-widget elementor-widget-google_maps\" data-id=\"d5e83c5\" data-element_type=\"widget\" data-widget_type=\"google_maps.default\">\n\t\t\t\t<div class=\"elementor-widget-container\">\n\t\t\t\t\t\t\t<div class=\"elementor-custom-embed\">\n\t\t\t<iframe loading=\"lazy\"\n\t\t\t\t\tsrc=\"https:\/\/maps.google.com\/maps?q=18.459522%2C-69.9296802&#038;t=m&#038;z=17&#038;output=embed&#038;iwloc=near\"\n\t\t\t\t\ttitle=\"18.459522,-69.9296802\"\n\t\t\t\t\taria-label=\"18.459522,-69.9296802\"\n\t\t\t><\/iframe>\n\t\t<\/div>\n\t\t\t\t\t\t<\/div>\n\t\t\t\t<\/div>\n\t\t\t\t\t<\/div>\n\t\t<\/div>\n\t\t\t\t\t<\/div>\n\t\t<\/section>\n\t\t\t\t<section class=\"elementor-section elementor-top-section elementor-element elementor-element-af76d83 elementor-section-boxed elementor-section-height-default elementor-section-height-default\" data-id=\"af76d83\" data-element_type=\"section\">\n\t\t\t\t\t\t<div class=\"elementor-container elementor-column-gap-default\">\n\t\t\t\t\t<div class=\"elementor-column elementor-col-50 elementor-top-column elementor-element elementor-element-a7f1db7\" data-id=\"a7f1db7\" data-element_type=\"column\" data-settings=\"{&quot;background_background&quot;:&quot;classic&quot;}\">\n\t\t\t<div class=\"elementor-widget-wrap elementor-element-populated\">\n\t\t\t\t\t\t<div class=\"elementor-element elementor-element-8c1efa0 elementor-widget elementor-widget-heading\" data-id=\"8c1efa0\" data-element_type=\"widget\" data-widget_type=\"heading.default\">\n\t\t\t\t<div class=\"elementor-widget-container\">\n\t\t\t\t\t<h2 class=\"elementor-heading-title elementor-size-default\">Haciendo m\u00e1s f\u00e1cil,\ntu momento m\u00e1s dif\u00edcil.<\/h2>\t\t\t\t<\/div>\n\t\t\t\t<\/div>\n\t\t\t\t<div class=\"elementor-element elementor-element-0c50368 elementor-widget elementor-widget-text-editor\" data-id=\"0c50368\" data-element_type=\"widget\" data-widget_type=\"text-editor.default\">\n\t\t\t\t<div class=\"elementor-widget-container\">\n\t\t\t\t\t\t\t\t\t<p><strong>Capilla La Paz, Distrito Nacional<\/strong><br \/>Av. Abraham Lincoln #62,<br \/>Santo Domingo, Rep\u00fablica Dominicana.<br \/>(809) 533-3232<\/p><p><strong>Blandino Columbarios, Distrito Nacional<\/strong><br \/>Av. Luper\u00f3n #69,<br \/>Santo Domingo, Rep\u00fablica Dominicana<br \/>(809) 533-3232, Opci\u00f3n 5<\/p><p><strong>Servicios Generales<\/strong><br \/><a href=\"mailto:serviciosalcliente@blandino.com.do\">serviciosalcliente@blandino.com.do<\/a><\/p><p><strong>Servicios Internacionales<\/strong><br \/><a href=\"mailto:internacional@blandino.com.do\">internacional@blandino.com.do<\/a><\/p><p><strong>Recursos Humanos<\/strong><br \/><a href=\"mailto:rrhh@blandino.com.do\">rrhh@blandino.com.do<\/a><\/p>\t\t\t\t\t\t\t\t<\/div>\n\t\t\t\t<\/div>\n\t\t\t\t\t<\/div>\n\t\t<\/div>\n\t\t\t\t<div class=\"elementor-column elementor-col-50 elementor-top-column elementor-element elementor-element-32a77be\" data-id=\"32a77be\" data-element_type=\"column\" data-settings=\"{&quot;background_background&quot;:&quot;classic&quot;}\">\n\t\t\t<div class=\"elementor-widget-wrap elementor-element-populated\">\n\t\t\t\t\t\t<div class=\"elementor-element elementor-element-8281cb5 elementor-widget elementor-widget-text-editor\" data-id=\"8281cb5\" data-element_type=\"widget\" data-widget_type=\"text-editor.default\">\n\t\t\t\t<div class=\"elementor-widget-container\">\n\t\t\t\t\t\t\t\t\t<p><strong>Oficina de Servicios (B\u00e1varo)<\/strong><br \/>(809) 440-0147 \/ (829) 664-4385<br \/><strong>Capilla Ensanche Ozama<\/strong><br \/>(809) 594-2305<br \/><strong>Capilla Zona Oriental<\/strong><br \/>(809) 595-8717<br \/><strong>Capilla Hermanos Blandino, Herrera<\/strong><br \/>(809) 530-0676<br \/><strong>Capilla Santiago<\/strong><br \/>(809) 724-8988<br \/><strong>Funeraria Capilla Coraz\u00f3n de Jes\u00fas, Moca, R.D.<\/strong><br \/>(809) 578-1650<br \/><strong>Funeraria Capilla Coraz\u00f3n de Jes\u00fas, La Vega, R.D.<\/strong><br \/>(809) 573-0985<br \/><strong>Puerto Plata<\/strong><br \/>(809) 722-3913<\/p><p><strong>Para la Oficial\u00eda Civil, nosotros le atendemos<\/strong><br \/><strong>directamente desde Funeraria Blandino<\/strong><br \/>(809) 533-3232<\/p>\t\t\t\t\t\t\t\t<\/div>\n\t\t\t\t<\/div>\n\t\t\t\t\t<\/div>\n\t\t<\/div>\n\t\t\t\t\t<\/div>\n\t\t<\/section>\n\t\t\t\t<section class=\"elementor-section elementor-top-section elementor-element elementor-element-57b1435 elementor-section-boxed elementor-section-height-default elementor-section-height-default\" data-id=\"57b1435\" data-element_type=\"section\">\n\t\t\t\t\t\t<div class=\"elementor-container elementor-column-gap-default\">\n\t\t\t\t\t<div class=\"elementor-column elementor-col-100 elementor-top-column elementor-element elementor-element-e414ab0\" data-id=\"e414ab0\" data-element_type=\"column\" data-settings=\"{&quot;background_background&quot;:&quot;classic&quot;}\">\n\t\t\t<div class=\"elementor-widget-wrap elementor-element-populated\">\n\t\t\t\t\t\t<div class=\"elementor-element elementor-element-2166719 elementor-widget elementor-widget-menu-anchor\" data-id=\"2166719\" data-element_type=\"widget\" data-widget_type=\"menu-anchor.default\">\n\t\t\t\t<div class=\"elementor-widget-container\">\n\t\t\t\t\t\t\t<div class=\"elementor-menu-anchor\" id=\"funerarias-afiliadas\"><\/div>\n\t\t\t\t\t\t<\/div>\n\t\t\t\t<\/div>\n\t\t\t\t<div class=\"elementor-element elementor-element-d7d70dc elementor-widget elementor-widget-heading\" data-id=\"d7d70dc\" data-element_type=\"widget\" data-widget_type=\"heading.default\">\n\t\t\t\t<div class=\"elementor-widget-container\">\n\t\t\t\t\t<h2 class=\"elementor-heading-title elementor-size-default\">Red de Funerarias Afiliadas a Nivel Nacional<\/h2>\t\t\t\t<\/div>\n\t\t\t\t<\/div>\n\t\t\t\t<div class=\"elementor-element elementor-element-c4185c0 elementor-widget elementor-widget-text-editor\" data-id=\"c4185c0\" data-element_type=\"widget\" data-widget_type=\"text-editor.default\">\n\t\t\t\t<div class=\"elementor-widget-container\">\n\t\t\t\t\t\t\t\t\tPara darte servicio en todo el territorio nacional conoce nuestra red de Funerarias aliadas.\t\t\t\t\t\t\t\t<\/div>\n\t\t\t\t<\/div>\n\t\t\t\t\t<\/div>\n\t\t<\/div>\n\t\t\t\t\t<\/div>\n\t\t<\/section>\n\t\t\t\t<section class=\"elementor-section elementor-top-section elementor-element elementor-element-44bac86 elementor-section-boxed elementor-section-height-default elementor-section-height-default\" data-id=\"44bac86\" data-element_type=\"section\">\n\t\t\t\t\t\t<div class=\"elementor-container elementor-column-gap-default\">\n\t\t\t\t\t<div class=\"elementor-column elementor-col-33 elementor-top-column elementor-element elementor-element-d21cc6a\" data-id=\"d21cc6a\" data-element_type=\"column\" data-settings=\"{&quot;background_background&quot;:&quot;classic&quot;}\">\n\t\t\t<div class=\"elementor-widget-wrap elementor-element-populated\">\n\t\t\t\t\t\t<div class=\"elementor-element elementor-element-080191b elementor-widget elementor-widget-text-editor\" data-id=\"080191b\" data-element_type=\"widget\" data-widget_type=\"text-editor.default\">\n\t\t\t\t<div class=\"elementor-widget-container\">\n\t\t\t\t\t\t\t\t\t<dl>\n \t<dt>Haina<\/dt>\n \t<dd>Funeraria Emilio Guante\nFuneraria Madre Vieja<\/dd>\n \t<dt>San Crist\u00f3bal<\/dt>\n \t<dd>Funeraria La Esperanza\nFuneraria Madre Vieja Sur\nInvi San Crist\u00f3bal\nFuneraria Cambita<\/dd>\n \t<dt>Ban\u00ed<\/dt>\n \t<dd>Funeraria Leonel Troncoso\nFuneraria Arias\nFuneraria Jorem<\/dd>\n \t<dt>Azua<\/dt>\n \t<dd>Funeraria San Jos\u00e9<\/dd>\n \t<dt>Ocoa<\/dt>\n \t<dd>Funeraria S\u00e1nchez\nFuneraria Mam\u00e1 Rita<\/dd>\n \t<dt>Barahona<\/dt>\n \t<dd>Funeraria El \u00c1ngel\nFuneraria Limbert<\/dd>\n \t<dt>San Juan de la Maguana<\/dt>\n \t<dd>Funeraria Fortuna\nFuneraria Luz Divina<\/dd>\n \t<dt>Neyba<\/dt>\n \t<dd>Funeraria Rosado<\/dd>\n \t<dt>Elias Pi\u00f1a<\/dt>\n \t<dd>Funeraria \u00c1ngel<\/dd>\n<\/dl>\t\t\t\t\t\t\t\t<\/div>\n\t\t\t\t<\/div>\n\t\t\t\t\t<\/div>\n\t\t<\/div>\n\t\t\t\t<div class=\"elementor-column elementor-col-33 elementor-top-column elementor-element elementor-element-92ec194\" data-id=\"92ec194\" data-element_type=\"column\" data-settings=\"{&quot;background_background&quot;:&quot;classic&quot;}\">\n\t\t\t<div class=\"elementor-widget-wrap elementor-element-populated\">\n\t\t\t\t\t\t<div class=\"elementor-element elementor-element-3ab6047 elementor-widget elementor-widget-text-editor\" data-id=\"3ab6047\" data-element_type=\"widget\" data-widget_type=\"text-editor.default\">\n\t\t\t\t<div class=\"elementor-widget-container\">\n\t\t\t\t\t\t\t\t\t<dl>\n \t<dt>San Pedro de Macor\u00eds<\/dt>\n \t<dd>Funeraria San Pedro<\/dd>\n \t<dt>La Romana<\/dt>\n \t<dd>Funeraria Romana\nProtectora La Altagracia\nInvi Romana<\/dd>\n \t<dt>Hig\u00fcey<\/dt>\n \t<dd>Funeraria \u00c1vila\nFuneraria Castro\nFuneraria Nazaret<\/dd>\n \t<dt>Hato Mayor<\/dt>\n \t<dd>Funeraria San Miguel<\/dd>\n \t<dt>El Seibo<\/dt>\n \t<dd>Funeraria La Soluci\u00f3n<\/dd>\n \t<dt>B\u00e1varo<\/dt>\n \t<dd>Funeraria Punta Cana<\/dd>\n \t<dt>Miches<\/dt>\n \t<dd>Funeraria Miches<\/dd>\n \t<dt>Nagua<\/dt>\n \t<dd>Funeraria Cristo Redentor\nFuneraria Puerta Divina<\/dd>\n \t<dt>Saman\u00e1<\/dt>\n \t<dd>Servicios F\u00fanebres Comunitario La Bah\u00eda<\/dd>\n<\/dl>\t\t\t\t\t\t\t\t<\/div>\n\t\t\t\t<\/div>\n\t\t\t\t\t<\/div>\n\t\t<\/div>\n\t\t\t\t<div class=\"elementor-column elementor-col-33 elementor-top-column elementor-element elementor-element-4eacddc\" data-id=\"4eacddc\" data-element_type=\"column\" data-settings=\"{&quot;background_background&quot;:&quot;classic&quot;}\">\n\t\t\t<div class=\"elementor-widget-wrap elementor-element-populated\">\n\t\t\t\t\t\t<div class=\"elementor-element elementor-element-507c921 elementor-widget elementor-widget-text-editor\" data-id=\"507c921\" data-element_type=\"widget\" data-widget_type=\"text-editor.default\">\n\t\t\t\t<div class=\"elementor-widget-container\">\n\t\t\t\t\t\t\t\t\t<dl>\n \t<dt>Villa Altagracia<\/dt>\n \t<dd>Funeraria Sociedad Mutua\nPlanes y Servicios Funerarios San Jose del Puerto\nPlanes y Servicios Funerarios Luz Monta\u00f1o<\/dd>\n \t<dt>La Vega<\/dt>\n \t<dd>Funeraria Coraz\u00f3n de Jes\u00fas<\/dd>\n \t<dt>Bonao<\/dt>\n \t<dd>Funeraria Taveras<\/dd>\n \t<dt>Constanza<\/dt>\n \t<dd>Funeraria Constanza<\/dd>\n \t<dt>Jarabacoa<\/dt>\n \t<dd>Funeraria Don Bosco<\/dd>\n \t<dt>Moca<\/dt>\n \t<dd>Funeraria Coraz\u00f3n de Jes\u00fas<\/dd>\n \t<dt>San Francisco de Macor\u00eds<\/dt>\n \t<dd>Funeraria Mercedes\nFuneraria Puerta Divina (Villa Riva)\nFuneraria Don Benigno\nFuneraria San Francisco<\/dd>\n \t<dt>Salcedo<\/dt>\n \t<dd>Funeraria La Soluci\u00f3n<\/dd>\n \t<dt>Tenares<\/dt>\n \t<dd>Funeraria Hermanos Tejeda<\/dd>\n \t<dt>Licey al Medio<\/dt>\n \t<dd>Funeraria Rayo de Luz<\/dd>\n \t<dt>Villa Gonz\u00e1lez<\/dt>\n \t<dd>Funeraria Del Carmen<\/dd>\n \t<dt>Navarrete<\/dt>\n \t<dd>Funeraria San Judas<\/dd>\n \t<dt>Puerto Plata<\/dt>\n \t<dd>Funeraria Puerto Plata\nFuneraria Blas Blass<\/dd>\n \t<dt>Sos\u00faa<\/dt>\n \t<dd>Funeraria Blas Blass<\/dd>\n \t<dt>Monte Cristi<\/dt>\n \t<dd>Funeraria Tirolo\nFuneraria San Judas (Casta\u00f1uelas)<\/dd>\n \t<dt>Mao y Esperanza, Valverde<\/dt>\n \t<dd>Funeraria San Judas<\/dd>\n<\/dl>\t\t\t\t\t\t\t\t<\/div>\n\t\t\t\t<\/div>\n\t\t\t\t\t<\/div>\n\t\t<\/div>\n\t\t\t\t\t<\/div>\n\t\t<\/section>\n\t\t\t\t<\/div>\n\t\t","protected":false},"excerpt":{"rendered":"<p>Haciendo m\u00e1s f\u00e1cil, tu momento m\u00e1s dif\u00edcil. Capilla La Paz, Distrito NacionalAv. Abraham Lincoln #62,Santo Domingo, Rep\u00fablica Dominicana.(809) 533-3232 Blandino Columbarios, Distrito NacionalAv. Luper\u00f3n #69,Santo Domingo, Rep\u00fablica Dominicana(809) 533-3232, Opci\u00f3n 5 Servicios Generalesserviciosalcliente@blandino.com.do Servicios Internacionalesinternacional@blandino.com.do Recursos Humanosrrhh@blandino.com.do Oficina de Servicios (B\u00e1varo)(809) 440-0147 \/ (829) 664-4385Capilla Ensanche Ozama(809) 594-2305Capilla Zona Oriental(809) 595-8717Capilla Hermanos Blandino, Herrera(809) 530-0676Capilla &hellip;<\/p>\n<p class=\"read-more\"> <a class=\"\" href=\"https:\/\/blandino.com.do\/site\/contactos\/\"> <span class=\"screen-reader-text\">Contactos<\/span> Leer m\u00e1s &raquo;<\/a><\/p>\n","protected":false},"author":1,"featured_media":0,"parent":0,"menu_order":0,"comment_status":"closed","ping_status":"closed","template":"","meta":{"site-sidebar-layout":"no-sidebar","site-content-layout":"page-builder","ast-global-header-display":"","ast-banner-title-visibility":"","ast-main-header-display":"","ast-hfb-above-header-display":"","ast-hfb-below-header-display":"","ast-hfb-mobile-header-display":"","site-post-title":"disabled","ast-breadcrumbs-content":"","ast-featured-img":"disabled","footer-sml-layout":"","theme-transparent-header-meta":"","adv-header-id-meta":"","stick-header-meta":"","header-above-stick-meta":"","header-main-stick-meta":"","header-below-stick-meta":"","footnotes":""},"class_list":["post-614","page","type-page","status-publish","hentry"],"_links":{"self":[{"href":"https:\/\/blandino.com.do\/site\/wp-json\/wp\/v2\/pages\/614","targetHints":{"allow":["GET"]}}],"collection":[{"href":"https:\/\/blandino.com.do\/site\/wp-json\/wp\/v2\/pages"}],"about":[{"href":"https:\/\/blandino.com.do\/site\/wp-json\/wp\/v2\/types\/page"}],"author":[{"embeddable":true,"href":"https:\/\/blandino.com.do\/site\/wp-json\/wp\/v2\/users\/1"}],"replies":[{"embeddable":true,"href":"https:\/\/blandino.com.do\/site\/wp-json\/wp\/v2\/comments?post=614"}],"version-history":[{"count":41,"href":"https:\/\/blandino.com.do\/site\/wp-json\/wp\/v2\/pages\/614\/revisions"}],"predecessor-version":[{"id":953,"href":"https:\/\/blandino.com.do\/site\/wp-json\/wp\/v2\/pages\/614\/revisions\/953"}],"wp:attachment":[{"href":"https:\/\/blandino.com.do\/site\/wp-json\/wp\/v2\/media?parent=614"}],"curies":[{"name":"wp","href":"https:\/\/api.w.org\/{rel}","templated":true}]}}