{"id":7,"date":"2022-07-08T02:27:22","date_gmt":"2022-07-08T02:27:22","guid":{"rendered":"https:\/\/blandino.com.do\/site\/?page_id=7"},"modified":"2022-07-10T17:31:33","modified_gmt":"2022-07-10T17:31:33","slug":"historias-dignas","status":"publish","type":"page","link":"https:\/\/blandino.com.do\/site\/historias-dignas\/","title":{"rendered":"Historias Dignas"},"content":{"rendered":"\t\t<div data-elementor-type=\"wp-page\" data-elementor-id=\"7\" class=\"elementor elementor-7\" data-elementor-post-type=\"page\">\n\t\t\t\t\t\t<section class=\"elementor-section elementor-top-section elementor-element elementor-element-4e1f3da elementor-section-boxed elementor-section-height-default elementor-section-height-default\" data-id=\"4e1f3da\" data-element_type=\"section\">\n\t\t\t\t\t\t<div class=\"elementor-container elementor-column-gap-no\">\n\t\t\t\t\t<div class=\"elementor-column elementor-col-100 elementor-top-column elementor-element elementor-element-71b0cda\" data-id=\"71b0cda\" data-element_type=\"column\">\n\t\t\t<div class=\"elementor-widget-wrap elementor-element-populated\">\n\t\t\t\t\t\t<div class=\"elementor-element elementor-element-8eb7248 elementor--h-position-center elementor--v-position-middle elementor-arrows-position-inside elementor-pagination-position-inside elementor-widget elementor-widget-slides\" data-id=\"8eb7248\" data-element_type=\"widget\" data-settings=\"{&quot;navigation&quot;:&quot;both&quot;,&quot;autoplay&quot;:&quot;yes&quot;,&quot;pause_on_hover&quot;:&quot;yes&quot;,&quot;pause_on_interaction&quot;:&quot;yes&quot;,&quot;autoplay_speed&quot;:5000,&quot;infinite&quot;:&quot;yes&quot;,&quot;transition&quot;:&quot;slide&quot;,&quot;transition_speed&quot;:500}\" data-widget_type=\"slides.default\">\n\t\t\t\t<div class=\"elementor-widget-container\">\n\t\t\t\t\t\t\t<div class=\"elementor-swiper\">\n\t\t\t<div class=\"elementor-slides-wrapper elementor-main-swiper swiper\" dir=\"ltr\" data-animation=\"fadeInUp\">\n\t\t\t\t<div class=\"swiper-wrapper elementor-slides\">\n\t\t\t\t\t\t\t\t\t\t<div class=\"elementor-repeater-item-b7c3880 swiper-slide\"><div class=\"swiper-slide-bg\" role=\"img\"><\/div><div class=\"swiper-slide-inner\" ><div class=\"swiper-slide-contents\"><\/div><\/div><\/div>\t\t\t\t<\/div>\n\t\t\t\t\t\t\t<\/div>\n\t\t<\/div>\n\t\t\t\t\t\t<\/div>\n\t\t\t\t<\/div>\n\t\t\t\t\t<\/div>\n\t\t<\/div>\n\t\t\t\t\t<\/div>\n\t\t<\/section>\n\t\t\t\t<section class=\"elementor-section elementor-top-section elementor-element elementor-element-44df38d elementor-section-boxed elementor-section-height-default elementor-section-height-default\" data-id=\"44df38d\" data-element_type=\"section\">\n\t\t\t\t\t\t<div class=\"elementor-container elementor-column-gap-default\">\n\t\t\t\t\t<div class=\"elementor-column elementor-col-100 elementor-top-column elementor-element elementor-element-ac78c95\" data-id=\"ac78c95\" data-element_type=\"column\" data-settings=\"{&quot;background_background&quot;:&quot;classic&quot;}\">\n\t\t\t<div class=\"elementor-widget-wrap elementor-element-populated\">\n\t\t\t\t\t\t<div class=\"elementor-element elementor-element-5cbdce6 elementor-widget elementor-widget-heading\" data-id=\"5cbdce6\" data-element_type=\"widget\" data-widget_type=\"heading.default\">\n\t\t\t\t<div class=\"elementor-widget-container\">\n\t\t\t\t\t<h3 class=\"elementor-heading-title elementor-size-default\">Hay personas que marcan y cambian el rumbo de nuestras vidas.<br>\nEs nuestro honor, recordar y compartir sus historias.<\/h3>\t\t\t\t<\/div>\n\t\t\t\t<\/div>\n\t\t\t\t<div class=\"elementor-element elementor-element-c4fa1c1 elementor-widget elementor-widget-text-editor\" data-id=\"c4fa1c1\" data-element_type=\"widget\" data-widget_type=\"text-editor.default\">\n\t\t\t\t<div class=\"elementor-widget-container\">\n\t\t\t\t\t\t\t\t\t<p>Por eso, le pedimos a algunas personas que nos cuenten esas historias que compartieron con sus seres queridos, esos que han impactado sus vidas.<\/p>\t\t\t\t\t\t\t\t<\/div>\n\t\t\t\t<\/div>\n\t\t\t\t<div class=\"elementor-element elementor-element-2b5a9fe elementor-grid-3 elementor-grid-tablet-2 elementor-grid-mobile-1 elementor-posts--thumbnail-top load-more-align-center elementor-widget elementor-widget-posts\" data-id=\"2b5a9fe\" data-element_type=\"widget\" data-settings=\"{&quot;pagination_type&quot;:&quot;load_more_on_click&quot;,&quot;classic_columns&quot;:&quot;3&quot;,&quot;classic_columns_tablet&quot;:&quot;2&quot;,&quot;classic_columns_mobile&quot;:&quot;1&quot;,&quot;classic_row_gap&quot;:{&quot;unit&quot;:&quot;px&quot;,&quot;size&quot;:35,&quot;sizes&quot;:[]},&quot;classic_row_gap_tablet&quot;:{&quot;unit&quot;:&quot;px&quot;,&quot;size&quot;:&quot;&quot;,&quot;sizes&quot;:[]},&quot;classic_row_gap_mobile&quot;:{&quot;unit&quot;:&quot;px&quot;,&quot;size&quot;:&quot;&quot;,&quot;sizes&quot;:[]},&quot;load_more_spinner&quot;:{&quot;value&quot;:&quot;fas fa-spinner&quot;,&quot;library&quot;:&quot;fa-solid&quot;}}\" data-widget_type=\"posts.classic\">\n\t\t\t\t<div class=\"elementor-widget-container\">\n\t\t\t\t\t\t\t<div class=\"elementor-posts-container elementor-posts elementor-posts--skin-classic elementor-grid\">\n\t\t\t\t<article class=\"elementor-post elementor-grid-item post-807 post type-post status-publish format-standard has-post-thumbnail hentry category-historias-dignas\">\n\t\t\t\t<a class=\"elementor-post__thumbnail__link\" href=\"https:\/\/blandino.com.do\/site\/rocio-y-su-madre-ruselba-cortorreal-taty\/\" >\n\t\t\t<div class=\"elementor-post__thumbnail\"><img fetchpriority=\"high\" decoding=\"async\" width=\"768\" height=\"1024\" src=\"https:\/\/blandino.com.do\/site\/wp-content\/uploads\/2022\/09\/Ruselba-Cortorreal-768x1024.jpeg\" class=\"attachment-medium_large size-medium_large wp-image-808\" alt=\"\" srcset=\"https:\/\/blandino.com.do\/site\/wp-content\/uploads\/2022\/09\/Ruselba-Cortorreal-768x1024.jpeg 768w, https:\/\/blandino.com.do\/site\/wp-content\/uploads\/2022\/09\/Ruselba-Cortorreal-225x300.jpeg 225w, https:\/\/blandino.com.do\/site\/wp-content\/uploads\/2022\/09\/Ruselba-Cortorreal-1152x1536.jpeg 1152w, https:\/\/blandino.com.do\/site\/wp-content\/uploads\/2022\/09\/Ruselba-Cortorreal-600x800.jpeg 600w, https:\/\/blandino.com.do\/site\/wp-content\/uploads\/2022\/09\/Ruselba-Cortorreal.jpeg 1536w\" sizes=\"(max-width: 768px) 100vw, 768px\" \/><\/div>\n\t\t<\/a>\n\t\t\t\t<div class=\"elementor-post__text\">\n\t\t\t\t<h3 class=\"elementor-post__title\">\n\t\t\t<a href=\"https:\/\/blandino.com.do\/site\/rocio-y-su-madre-ruselba-cortorreal-taty\/\" >\n\t\t\t\tRoc\u00edo y su madre Ruselba Cortorreal (Taty)\t\t\t<\/a>\n\t\t<\/h3>\n\t\t\t\t<div class=\"elementor-post__excerpt\">\n\t\t\t<p>Muestra viva de servicio, integridad y direcci\u00f3n, desde sus 16 a\u00f1os tomo la decisi\u00f3n de servir a cada uno de los seres con los que<\/p>\n\t\t<\/div>\n\t\t\t\t<\/div>\n\t\t\t\t<\/article>\n\t\t\t\t<article class=\"elementor-post elementor-grid-item post-804 post type-post status-publish format-standard has-post-thumbnail hentry category-historias-dignas\">\n\t\t\t\t<a class=\"elementor-post__thumbnail__link\" href=\"https:\/\/blandino.com.do\/site\/joey-y-su-abuela-matilde-reyes-mama\/\" >\n\t\t\t<div class=\"elementor-post__thumbnail\"><img decoding=\"async\" width=\"768\" height=\"572\" src=\"https:\/\/blandino.com.do\/site\/wp-content\/uploads\/2022\/09\/Matilde-Reyes--768x572.jpeg\" class=\"attachment-medium_large size-medium_large wp-image-805\" alt=\"\" srcset=\"https:\/\/blandino.com.do\/site\/wp-content\/uploads\/2022\/09\/Matilde-Reyes--768x572.jpeg 768w, https:\/\/blandino.com.do\/site\/wp-content\/uploads\/2022\/09\/Matilde-Reyes--300x224.jpeg 300w, https:\/\/blandino.com.do\/site\/wp-content\/uploads\/2022\/09\/Matilde-Reyes--600x447.jpeg 600w, https:\/\/blandino.com.do\/site\/wp-content\/uploads\/2022\/09\/Matilde-Reyes-.jpeg 828w\" sizes=\"(max-width: 768px) 100vw, 768px\" \/><\/div>\n\t\t<\/a>\n\t\t\t\t<div class=\"elementor-post__text\">\n\t\t\t\t<h3 class=\"elementor-post__title\">\n\t\t\t<a href=\"https:\/\/blandino.com.do\/site\/joey-y-su-abuela-matilde-reyes-mama\/\" >\n\t\t\t\tJoey y su Abuela Matilde Reyes (MAM\u00c1)\t\t\t<\/a>\n\t\t<\/h3>\n\t\t\t\t<div class=\"elementor-post__excerpt\">\n\t\t\t<p>Mi abuela era una se\u00f1ora incomparable, era del campo el mamei de Hig\u00fcey. no hubo reto que no enfrentara con valor y entereza. Desde ser<\/p>\n\t\t<\/div>\n\t\t\t\t<\/div>\n\t\t\t\t<\/article>\n\t\t\t\t<article class=\"elementor-post elementor-grid-item post-801 post type-post status-publish format-standard has-post-thumbnail hentry category-historias-dignas\">\n\t\t\t\t<a class=\"elementor-post__thumbnail__link\" href=\"https:\/\/blandino.com.do\/site\/oneida-e-ydia-naut\/\" >\n\t\t\t<div class=\"elementor-post__thumbnail\"><img decoding=\"async\" width=\"768\" height=\"1004\" src=\"https:\/\/blandino.com.do\/site\/wp-content\/uploads\/2022\/09\/Ydia-Naut-768x1004.jpeg\" class=\"attachment-medium_large size-medium_large wp-image-802\" alt=\"\" srcset=\"https:\/\/blandino.com.do\/site\/wp-content\/uploads\/2022\/09\/Ydia-Naut-768x1004.jpeg 768w, https:\/\/blandino.com.do\/site\/wp-content\/uploads\/2022\/09\/Ydia-Naut-230x300.jpeg 230w, https:\/\/blandino.com.do\/site\/wp-content\/uploads\/2022\/09\/Ydia-Naut-783x1024.jpeg 783w, https:\/\/blandino.com.do\/site\/wp-content\/uploads\/2022\/09\/Ydia-Naut-1175x1536.jpeg 1175w, https:\/\/blandino.com.do\/site\/wp-content\/uploads\/2022\/09\/Ydia-Naut-scaled.jpeg 1958w\" sizes=\"(max-width: 768px) 100vw, 768px\" \/><\/div>\n\t\t<\/a>\n\t\t\t\t<div class=\"elementor-post__text\">\n\t\t\t\t<h3 class=\"elementor-post__title\">\n\t\t\t<a href=\"https:\/\/blandino.com.do\/site\/oneida-e-ydia-naut\/\" >\n\t\t\t\tOneida e Ydia Naut\t\t\t<\/a>\n\t\t<\/h3>\n\t\t\t\t<div class=\"elementor-post__excerpt\">\n\t\t\t<p>Antes de las 3 de la tarde, ella me llamaba para que le hiciera una trenza antes de hacer el Rosario de la Misericordia, para<\/p>\n\t\t<\/div>\n\t\t\t\t<\/div>\n\t\t\t\t<\/article>\n\t\t\t\t<article class=\"elementor-post elementor-grid-item post-797 post type-post status-publish format-standard has-post-thumbnail hentry category-historias-dignas\">\n\t\t\t\t<a class=\"elementor-post__thumbnail__link\" href=\"https:\/\/blandino.com.do\/site\/maria-y-su-papa-abuelo-wilfredo-santana\/\" >\n\t\t\t<div class=\"elementor-post__thumbnail\"><img loading=\"lazy\" decoding=\"async\" width=\"768\" height=\"576\" src=\"https:\/\/blandino.com.do\/site\/wp-content\/uploads\/2022\/09\/Wilfredo-Santana-768x576.jpg\" class=\"attachment-medium_large size-medium_large wp-image-800\" alt=\"\" srcset=\"https:\/\/blandino.com.do\/site\/wp-content\/uploads\/2022\/09\/Wilfredo-Santana-768x576.jpg 768w, https:\/\/blandino.com.do\/site\/wp-content\/uploads\/2022\/09\/Wilfredo-Santana-300x225.jpg 300w, https:\/\/blandino.com.do\/site\/wp-content\/uploads\/2022\/09\/Wilfredo-Santana-1024x768.jpg 1024w, https:\/\/blandino.com.do\/site\/wp-content\/uploads\/2022\/09\/Wilfredo-Santana-1536x1152.jpg 1536w, https:\/\/blandino.com.do\/site\/wp-content\/uploads\/2022\/09\/Wilfredo-Santana-600x450.jpg 600w, https:\/\/blandino.com.do\/site\/wp-content\/uploads\/2022\/09\/Wilfredo-Santana.jpg 1999w\" sizes=\"(max-width: 768px) 100vw, 768px\" \/><\/div>\n\t\t<\/a>\n\t\t\t\t<div class=\"elementor-post__text\">\n\t\t\t\t<h3 class=\"elementor-post__title\">\n\t\t\t<a href=\"https:\/\/blandino.com.do\/site\/maria-y-su-papa-abuelo-wilfredo-santana\/\" >\n\t\t\t\tMar\u00eda y su papa abuelo, Wilfredo Santana\t\t\t<\/a>\n\t\t<\/h3>\n\t\t\t\t<div class=\"elementor-post__excerpt\">\n\t\t\t<p>Aun 2 a\u00f1os luego de su partida, se me acercan personas que no conozco a decirme lo noble que era mi abuelo. Se me acercan<\/p>\n\t\t<\/div>\n\t\t\t\t<\/div>\n\t\t\t\t<\/article>\n\t\t\t\t<article class=\"elementor-post elementor-grid-item post-114 post type-post status-publish format-standard has-post-thumbnail hentry category-historias-dignas\">\n\t\t\t\t<a class=\"elementor-post__thumbnail__link\" href=\"https:\/\/blandino.com.do\/site\/mercedes-y-el-amor-de-su-vida\/\" >\n\t\t\t<div class=\"elementor-post__thumbnail\"><img loading=\"lazy\" decoding=\"async\" width=\"438\" height=\"279\" src=\"https:\/\/blandino.com.do\/site\/wp-content\/uploads\/2022\/07\/historia-6.jpg\" class=\"attachment-medium_large size-medium_large wp-image-115\" alt=\"\" srcset=\"https:\/\/blandino.com.do\/site\/wp-content\/uploads\/2022\/07\/historia-6.jpg 438w, https:\/\/blandino.com.do\/site\/wp-content\/uploads\/2022\/07\/historia-6-300x191.jpg 300w\" sizes=\"(max-width: 438px) 100vw, 438px\" \/><\/div>\n\t\t<\/a>\n\t\t\t\t<div class=\"elementor-post__text\">\n\t\t\t\t<h3 class=\"elementor-post__title\">\n\t\t\t<a href=\"https:\/\/blandino.com.do\/site\/mercedes-y-el-amor-de-su-vida\/\" >\n\t\t\t\tMercedes y el amor de su vida\t\t\t<\/a>\n\t\t<\/h3>\n\t\t\t\t<div class=\"elementor-post__excerpt\">\n\t\t\t<p>Lorem ipsum dolor sit amet, consectetur adipiscing elit, sed do eiusmod tempor incididunt ut labore et dolore magna aliqua.<\/p>\n\t\t<\/div>\n\t\t\t\t<\/div>\n\t\t\t\t<\/article>\n\t\t\t\t<article class=\"elementor-post elementor-grid-item post-111 post type-post status-publish format-standard has-post-thumbnail hentry category-historias-dignas\">\n\t\t\t\t<a class=\"elementor-post__thumbnail__link\" href=\"https:\/\/blandino.com.do\/site\/susan-y-jason-recuendan-a-su-padre\/\" >\n\t\t\t<div class=\"elementor-post__thumbnail\"><img loading=\"lazy\" decoding=\"async\" width=\"438\" height=\"279\" src=\"https:\/\/blandino.com.do\/site\/wp-content\/uploads\/2022\/07\/historia-5.jpg\" class=\"attachment-medium_large size-medium_large wp-image-112\" alt=\"\" srcset=\"https:\/\/blandino.com.do\/site\/wp-content\/uploads\/2022\/07\/historia-5.jpg 438w, https:\/\/blandino.com.do\/site\/wp-content\/uploads\/2022\/07\/historia-5-300x191.jpg 300w\" sizes=\"(max-width: 438px) 100vw, 438px\" \/><\/div>\n\t\t<\/a>\n\t\t\t\t<div class=\"elementor-post__text\">\n\t\t\t\t<h3 class=\"elementor-post__title\">\n\t\t\t<a href=\"https:\/\/blandino.com.do\/site\/susan-y-jason-recuendan-a-su-padre\/\" >\n\t\t\t\tSusan y Jason recuendan a su padre\t\t\t<\/a>\n\t\t<\/h3>\n\t\t\t\t<div class=\"elementor-post__excerpt\">\n\t\t\t<p>Lorem ipsum dolor sit amet, consectetur adipiscing elit, sed do eiusmod tempor incididunt ut labore et dolore magna aliqua.<\/p>\n\t\t<\/div>\n\t\t\t\t<\/div>\n\t\t\t\t<\/article>\n\t\t\t\t<\/div>\n\t\t\t\t\t<span class=\"e-load-more-spinner\">\n\t\t\t\t<i aria-hidden=\"true\" class=\"fas fa-spinner\"><\/i>\t\t\t<\/span>\n\t\t\n\t\t\t\t<div class=\"e-load-more-anchor\" data-page=\"1\" data-max-page=\"2\" data-next-page=\"https:\/\/blandino.com.do\/site\/wp-json\/wp\/v2\/pages\/7\/page\/2\/\"><\/div>\n\t\t\t\t<div class=\"elementor-button-wrapper\">\n\t\t\t<a href=\"#\" class=\"elementor-button-link elementor-button\" role=\"button\">\n\t\t\t\t\t\t<span class=\"elementor-button-content-wrapper\">\n\t\t\t\t\t\t<span class=\"elementor-button-text\">Cargar m\u00e1s<\/span>\n\t\t<\/span>\n\t\t\t\t\t<\/a>\n\t\t<\/div>\n\t\t\t\t<div class=\"e-load-more-message\"><\/div>\n\t\t\t\t\t\t<\/div>\n\t\t\t\t<\/div>\n\t\t\t\t\t<\/div>\n\t\t<\/div>\n\t\t\t\t\t<\/div>\n\t\t<\/section>\n\t\t\t\t<section class=\"elementor-section elementor-top-section elementor-element elementor-element-7c2cff6 elementor-section-boxed elementor-section-height-default elementor-section-height-default\" data-id=\"7c2cff6\" data-element_type=\"section\">\n\t\t\t\t\t\t<div class=\"elementor-container elementor-column-gap-default\">\n\t\t\t\t\t<div class=\"elementor-column elementor-col-100 elementor-top-column elementor-element elementor-element-40730dc\" data-id=\"40730dc\" data-element_type=\"column\" data-settings=\"{&quot;background_background&quot;:&quot;classic&quot;}\">\n\t\t\t<div class=\"elementor-widget-wrap elementor-element-populated\">\n\t\t\t\t\t\t<div class=\"elementor-element elementor-element-985ca5c elementor-widget elementor-widget-heading\" data-id=\"985ca5c\" data-element_type=\"widget\" data-widget_type=\"heading.default\">\n\t\t\t\t<div class=\"elementor-widget-container\">\n\t\t\t\t\t<h2 class=\"elementor-heading-title elementor-size-default\">Ahora, queremos que t\u00fa nos cuentes tu historia.<\/h2>\t\t\t\t<\/div>\n\t\t\t\t<\/div>\n\t\t\t\t<div class=\"elementor-element elementor-element-8e71b85 elementor-widget elementor-widget-heading\" data-id=\"8e71b85\" data-element_type=\"widget\" data-widget_type=\"heading.default\">\n\t\t\t\t<div class=\"elementor-widget-container\">\n\t\t\t\t\t<h2 class=\"elementor-heading-title elementor-size-default\">\u00bfQui\u00e9n fue esa persona que recordar\u00e1s por siempre<br>\ny que ves reflejada en todo lo que haces?<\/h2>\t\t\t\t<\/div>\n\t\t\t\t<\/div>\n\t\t\t\t<div class=\"elementor-element elementor-element-9ec305c elementor-widget elementor-widget-button\" data-id=\"9ec305c\" data-element_type=\"widget\" data-widget_type=\"button.default\">\n\t\t\t\t<div class=\"elementor-widget-container\">\n\t\t\t\t\t\t\t\t\t<div class=\"elementor-button-wrapper\">\n\t\t\t\t\t<a class=\"elementor-button elementor-button-link elementor-size-sm\" href=\"#\">\n\t\t\t\t\t\t<span class=\"elementor-button-content-wrapper\">\n\t\t\t\t\t\t\t\t\t<span class=\"elementor-button-text\">Cu\u00e9ntanos tu historia<\/span>\n\t\t\t\t\t<\/span>\n\t\t\t\t\t<\/a>\n\t\t\t\t<\/div>\n\t\t\t\t\t\t\t\t<\/div>\n\t\t\t\t<\/div>\n\t\t\t\t\t<\/div>\n\t\t<\/div>\n\t\t\t\t\t<\/div>\n\t\t<\/section>\n\t\t\t\t<\/div>\n\t\t","protected":false},"excerpt":{"rendered":"<p>Hay personas que marcan y cambian el rumbo de nuestras vidas. Es nuestro honor, recordar y compartir sus historias. Por eso, le pedimos a algunas personas que nos cuenten esas historias que compartieron con sus seres queridos, esos que han impactado sus vidas. Ahora, queremos que t\u00fa nos cuentes tu historia. \u00bfQui\u00e9n fue esa persona &hellip;<\/p>\n<p class=\"read-more\"> <a class=\"\" href=\"https:\/\/blandino.com.do\/site\/susan-y-jason-recuendan-a-su-padre\/\"> <span class=\"screen-reader-text\">Susan y Jason recuendan a su padre<\/span> Leer m\u00e1s &raquo;<\/a><\/p>\n","protected":false},"author":1,"featured_media":0,"parent":0,"menu_order":0,"comment_status":"closed","ping_status":"closed","template":"","meta":{"site-sidebar-layout":"no-sidebar","site-content-layout":"page-builder","ast-global-header-display":"","ast-banner-title-visibility":"","ast-main-header-display":"","ast-hfb-above-header-display":"","ast-hfb-below-header-display":"","ast-hfb-mobile-header-display":"","site-post-title":"disabled","ast-breadcrumbs-content":"","ast-featured-img":"disabled","footer-sml-layout":"","theme-transparent-header-meta":"","adv-header-id-meta":"","stick-header-meta":"","header-above-stick-meta":"","header-main-stick-meta":"","header-below-stick-meta":"","footnotes":""},"class_list":["post-7","page","type-page","status-publish","hentry"],"_links":{"self":[{"href":"https:\/\/blandino.com.do\/site\/wp-json\/wp\/v2\/pages\/7","targetHints":{"allow":["GET"]}}],"collection":[{"href":"https:\/\/blandino.com.do\/site\/wp-json\/wp\/v2\/pages"}],"about":[{"href":"https:\/\/blandino.com.do\/site\/wp-json\/wp\/v2\/types\/page"}],"author":[{"embeddable":true,"href":"https:\/\/blandino.com.do\/site\/wp-json\/wp\/v2\/users\/1"}],"replies":[{"embeddable":true,"href":"https:\/\/blandino.com.do\/site\/wp-json\/wp\/v2\/comments?post=7"}],"version-history":[{"count":61,"href":"https:\/\/blandino.com.do\/site\/wp-json\/wp\/v2\/pages\/7\/revisions"}],"predecessor-version":[{"id":131,"href":"https:\/\/blandino.com.do\/site\/wp-json\/wp\/v2\/pages\/7\/revisions\/131"}],"wp:attachment":[{"href":"https:\/\/blandino.com.do\/site\/wp-json\/wp\/v2\/media?parent=7"}],"curies":[{"name":"wp","href":"https:\/\/api.w.org\/{rel}","templated":true}]}}