{"id":915,"date":"2023-02-10T15:44:08","date_gmt":"2023-02-10T15:44:08","guid":{"rendered":"https:\/\/blandino.com.do\/site\/?page_id=915"},"modified":"2023-08-01T03:41:49","modified_gmt":"2023-08-01T03:41:49","slug":"servicios-cementerio","status":"publish","type":"page","link":"https:\/\/blandino.com.do\/site\/servicios-cementerio\/","title":{"rendered":"Servicios Cementerio"},"content":{"rendered":"\t\t<div data-elementor-type=\"wp-page\" data-elementor-id=\"915\" class=\"elementor elementor-915\" data-elementor-post-type=\"page\">\n\t\t\t\t\t\t<section class=\"elementor-section elementor-top-section elementor-element elementor-element-f8eeace elementor-section-boxed elementor-section-height-default elementor-section-height-default\" data-id=\"f8eeace\" data-element_type=\"section\">\n\t\t\t\t\t\t<div class=\"elementor-container elementor-column-gap-default\">\n\t\t\t\t\t<div class=\"elementor-column elementor-col-33 elementor-top-column elementor-element elementor-element-5915a6a\" data-id=\"5915a6a\" data-element_type=\"column\">\n\t\t\t<div class=\"elementor-widget-wrap elementor-element-populated\">\n\t\t\t\t\t\t<div class=\"elementor-element elementor-element-e63499e elementor-widget elementor-widget-template\" data-id=\"e63499e\" data-element_type=\"widget\" data-widget_type=\"template.default\">\n\t\t\t\t<div class=\"elementor-widget-container\">\n\t\t\t\t\t\t\t<div class=\"elementor-template\">\n\t\t\t\t\t<div data-elementor-type=\"section\" data-elementor-id=\"212\" class=\"elementor elementor-212\" data-elementor-post-type=\"elementor_library\">\n\t\t\t\t\t<div class=\"elementor-section-wrap\">\n\t\t\t\t\t\t\t\t<section class=\"elementor-section elementor-top-section elementor-element elementor-element-1bc8093 elementor-section-boxed elementor-section-height-default elementor-section-height-default\" data-id=\"1bc8093\" data-element_type=\"section\">\n\t\t\t\t\t\t<div class=\"elementor-container elementor-column-gap-default\">\n\t\t\t\t\t<div class=\"elementor-column elementor-col-100 elementor-top-column elementor-element elementor-element-30cee0e\" data-id=\"30cee0e\" data-element_type=\"column\">\n\t\t\t<div class=\"elementor-widget-wrap elementor-element-populated\">\n\t\t\t\t\t\t<div class=\"elementor-element elementor-element-5cd8ccc elementor-nav-menu__align-left elementor-nav-menu--dropdown-none elementor-widget elementor-widget-nav-menu\" data-id=\"5cd8ccc\" data-element_type=\"widget\" data-settings=\"{&quot;layout&quot;:&quot;vertical&quot;,&quot;submenu_icon&quot;:{&quot;value&quot;:&quot;&lt;i class=\\&quot;fas fa-caret-down\\&quot;&gt;&lt;\\\/i&gt;&quot;,&quot;library&quot;:&quot;fa-solid&quot;}}\" data-widget_type=\"nav-menu.default\">\n\t\t\t\t<div class=\"elementor-widget-container\">\n\t\t\t\t\t\t\t\t<nav class=\"elementor-nav-menu--main elementor-nav-menu__container elementor-nav-menu--layout-vertical e--pointer-text e--animation-grow\">\n\t\t\t\t<ul id=\"menu-1-5cd8ccc\" class=\"elementor-nav-menu sm-vertical\"><li class=\"menu-item menu-item-type-post_type menu-item-object-page menu-item-211\"><a href=\"https:\/\/blandino.com.do\/site\/servicios-arreglos-florales\/\" class=\"elementor-item menu-link\">Arreglos Florales<\/a><\/li>\n<li class=\"menu-item menu-item-type-post_type menu-item-object-page menu-item-179\"><a href=\"https:\/\/blandino.com.do\/site\/servicios-velatorios\/\" class=\"elementor-item menu-link\">Velatorios<\/a><\/li>\n<li class=\"menu-item menu-item-type-post_type menu-item-object-page menu-item-260\"><a href=\"https:\/\/blandino.com.do\/site\/servicios-pre-arreglo\/\" class=\"elementor-item menu-link\">Pre-arreglo<\/a><\/li>\n<li class=\"menu-item menu-item-type-post_type menu-item-object-page menu-item-233\"><a href=\"https:\/\/blandino.com.do\/site\/servicios-cremacion\/\" class=\"elementor-item menu-link\">Cremaci\u00f3n<\/a><\/li>\n<li class=\"menu-item menu-item-type-post_type menu-item-object-page menu-item-268\"><a href=\"https:\/\/blandino.com.do\/site\/servicios-repatriacion\/\" class=\"elementor-item menu-link\">Repatriaci\u00f3n<\/a><\/li>\n<li class=\"menu-item menu-item-type-post_type menu-item-object-page menu-item-247\"><a href=\"https:\/\/blandino.com.do\/site\/servicios-exhumacion\/\" class=\"elementor-item menu-link\">Exhumaci\u00f3n<\/a><\/li>\n<li class=\"menu-item menu-item-type-post_type menu-item-object-page menu-item-298\"><a href=\"https:\/\/blandino.com.do\/site\/servicios-traslados\/\" class=\"elementor-item menu-link\">Traslados<\/a><\/li>\n<li class=\"menu-item menu-item-type-post_type menu-item-object-page menu-item-288\"><a href=\"https:\/\/blandino.com.do\/site\/otros-servicios\/\" class=\"elementor-item menu-link\">Servicios adicionales<\/a><\/li>\n<li class=\"menu-item menu-item-type-post_type menu-item-object-page menu-item-917\"><a href=\"https:\/\/blandino.com.do\/site\/servicios-cementerio\/\" class=\"elementor-item menu-link\">Cementerio<\/a><\/li>\n<li class=\"menu-item menu-item-type-custom menu-item-object-custom menu-item-160\"><a href=\"#\" class=\"elementor-item elementor-item-anchor menu-link\">Enviar tarjeta<\/a><\/li>\n<\/ul>\t\t\t<\/nav>\n\t\t\t\t\t\t<nav class=\"elementor-nav-menu--dropdown elementor-nav-menu__container\" aria-hidden=\"true\">\n\t\t\t\t<ul id=\"menu-2-5cd8ccc\" class=\"elementor-nav-menu sm-vertical\"><li class=\"menu-item menu-item-type-post_type menu-item-object-page menu-item-211\"><a href=\"https:\/\/blandino.com.do\/site\/servicios-arreglos-florales\/\" class=\"elementor-item menu-link\" tabindex=\"-1\">Arreglos Florales<\/a><\/li>\n<li class=\"menu-item menu-item-type-post_type menu-item-object-page menu-item-179\"><a href=\"https:\/\/blandino.com.do\/site\/servicios-velatorios\/\" class=\"elementor-item menu-link\" tabindex=\"-1\">Velatorios<\/a><\/li>\n<li class=\"menu-item menu-item-type-post_type menu-item-object-page menu-item-260\"><a href=\"https:\/\/blandino.com.do\/site\/servicios-pre-arreglo\/\" class=\"elementor-item menu-link\" tabindex=\"-1\">Pre-arreglo<\/a><\/li>\n<li class=\"menu-item menu-item-type-post_type menu-item-object-page menu-item-233\"><a href=\"https:\/\/blandino.com.do\/site\/servicios-cremacion\/\" class=\"elementor-item menu-link\" tabindex=\"-1\">Cremaci\u00f3n<\/a><\/li>\n<li class=\"menu-item menu-item-type-post_type menu-item-object-page menu-item-268\"><a href=\"https:\/\/blandino.com.do\/site\/servicios-repatriacion\/\" class=\"elementor-item menu-link\" tabindex=\"-1\">Repatriaci\u00f3n<\/a><\/li>\n<li class=\"menu-item menu-item-type-post_type menu-item-object-page menu-item-247\"><a href=\"https:\/\/blandino.com.do\/site\/servicios-exhumacion\/\" class=\"elementor-item menu-link\" tabindex=\"-1\">Exhumaci\u00f3n<\/a><\/li>\n<li class=\"menu-item menu-item-type-post_type menu-item-object-page menu-item-298\"><a href=\"https:\/\/blandino.com.do\/site\/servicios-traslados\/\" class=\"elementor-item menu-link\" tabindex=\"-1\">Traslados<\/a><\/li>\n<li class=\"menu-item menu-item-type-post_type menu-item-object-page menu-item-288\"><a href=\"https:\/\/blandino.com.do\/site\/otros-servicios\/\" class=\"elementor-item menu-link\" tabindex=\"-1\">Servicios adicionales<\/a><\/li>\n<li class=\"menu-item menu-item-type-post_type menu-item-object-page menu-item-917\"><a href=\"https:\/\/blandino.com.do\/site\/servicios-cementerio\/\" class=\"elementor-item menu-link\" tabindex=\"-1\">Cementerio<\/a><\/li>\n<li class=\"menu-item menu-item-type-custom menu-item-object-custom menu-item-160\"><a href=\"#\" class=\"elementor-item elementor-item-anchor menu-link\" tabindex=\"-1\">Enviar tarjeta<\/a><\/li>\n<\/ul>\t\t\t<\/nav>\n\t\t\t\t\t\t<\/div>\n\t\t\t\t<\/div>\n\t\t\t\t\t<\/div>\n\t\t<\/div>\n\t\t\t\t\t<\/div>\n\t\t<\/section>\n\t\t\t\t\t\t\t<\/div>\n\t\t\t\t<\/div>\n\t\t\t\t<\/div>\n\t\t\t\t\t\t<\/div>\n\t\t\t\t<\/div>\n\t\t\t\t\t<\/div>\n\t\t<\/div>\n\t\t\t\t<div class=\"elementor-column elementor-col-33 elementor-top-column elementor-element elementor-element-8bda659\" data-id=\"8bda659\" data-element_type=\"column\">\n\t\t\t<div class=\"elementor-widget-wrap elementor-element-populated\">\n\t\t\t\t\t\t<div class=\"elementor-element elementor-element-4bc4155 elementor-widget elementor-widget-heading\" data-id=\"4bc4155\" data-element_type=\"widget\" data-widget_type=\"heading.default\">\n\t\t\t\t<div class=\"elementor-widget-container\">\n\t\t\t\t\t<h2 class=\"elementor-heading-title elementor-size-default\">Puerta del cielo<\/h2>\t\t\t\t<\/div>\n\t\t\t\t<\/div>\n\t\t\t\t<div class=\"elementor-element elementor-element-c377d45 elementor-widget elementor-widget-text-editor\" data-id=\"c377d45\" data-element_type=\"widget\" data-widget_type=\"text-editor.default\">\n\t\t\t\t<div class=\"elementor-widget-container\">\n\t\t\t\t\t\t\t\t\t<p>Somos el primer y m\u00e1s moderno cementerio privado de la Rep\u00fablica Dominicana en ofrecer servicios exequiales, presentando un verdadero cambio cultural con nuestra tipolog\u00eda tipo jard\u00edn.<\/p>\n<p>Ubicados estrat\u00e9gicamente en uno de los sitios m\u00e1s bellos de la ciudad capital, con dise\u00f1o arquitect\u00f3nico y paisajista que lo integra al medio ambiente, ofrecemos un nuevo concepto de descanso eterno, proponiendo un esquema \u00fanico en el pa\u00eds.<\/p>\n\n<p>Nuestros principales productos se enmarcan en la venta de espacios en nuestro Camposanto, garantizando servicios dignos y de calidad, a trav\u00e9s de Planes de Previsi\u00f3n adaptados a la necesidad de cada familia, para el resguardo de sus seres queridos.<\/p>\n\n<a href=\"https:\/\/puertadelcielo.com.do\/\">https:\/\/puertadelcielo.com.do\/<\/a>\t\t\t\t\t\t\t\t<\/div>\n\t\t\t\t<\/div>\n\t\t\t\t\t<\/div>\n\t\t<\/div>\n\t\t\t\t<div class=\"elementor-column elementor-col-33 elementor-top-column elementor-element elementor-element-e97585f\" data-id=\"e97585f\" data-element_type=\"column\">\n\t\t\t<div class=\"elementor-widget-wrap elementor-element-populated\">\n\t\t\t\t\t\t<div class=\"elementor-element elementor-element-f3f974b elementor-widget elementor-widget-image\" data-id=\"f3f974b\" data-element_type=\"widget\" data-widget_type=\"image.default\">\n\t\t\t\t<div class=\"elementor-widget-container\">\n\t\t\t\t\t\t\t\t\t\t\t\t\t\t\t<img fetchpriority=\"high\" decoding=\"async\" width=\"1024\" height=\"901\" src=\"https:\/\/blandino.com.do\/site\/wp-content\/uploads\/2023\/07\/Puerta-del-cielo--1024x901.jpeg\" class=\"attachment-large size-large wp-image-962\" alt=\"\" srcset=\"https:\/\/blandino.com.do\/site\/wp-content\/uploads\/2023\/07\/Puerta-del-cielo--1024x901.jpeg 1024w, https:\/\/blandino.com.do\/site\/wp-content\/uploads\/2023\/07\/Puerta-del-cielo--300x264.jpeg 300w, https:\/\/blandino.com.do\/site\/wp-content\/uploads\/2023\/07\/Puerta-del-cielo--768x676.jpeg 768w, https:\/\/blandino.com.do\/site\/wp-content\/uploads\/2023\/07\/Puerta-del-cielo--600x528.jpeg 600w, https:\/\/blandino.com.do\/site\/wp-content\/uploads\/2023\/07\/Puerta-del-cielo-.jpeg 1514w\" sizes=\"(max-width: 1024px) 100vw, 1024px\" \/>\t\t\t\t\t\t\t\t\t\t\t\t\t\t\t<\/div>\n\t\t\t\t<\/div>\n\t\t\t\t\t<\/div>\n\t\t<\/div>\n\t\t\t\t\t<\/div>\n\t\t<\/section>\n\t\t\t\t<\/div>\n\t\t","protected":false},"excerpt":{"rendered":"<p>Puerta del cielo Somos el primer y m\u00e1s moderno cementerio privado de la Rep\u00fablica Dominicana en ofrecer servicios exequiales, presentando un verdadero cambio cultural con nuestra tipolog\u00eda tipo jard\u00edn. Ubicados estrat\u00e9gicamente en uno de los sitios m\u00e1s bellos de la ciudad capital, con dise\u00f1o arquitect\u00f3nico y paisajista que lo integra al medio ambiente, ofrecemos un &hellip;<\/p>\n<p class=\"read-more\"> <a class=\"\" href=\"https:\/\/blandino.com.do\/site\/servicios-cementerio\/\"> <span class=\"screen-reader-text\">Servicios Cementerio<\/span> Leer m\u00e1s &raquo;<\/a><\/p>\n","protected":false},"author":1,"featured_media":0,"parent":0,"menu_order":0,"comment_status":"closed","ping_status":"closed","template":"","meta":{"site-sidebar-layout":"no-sidebar","site-content-layout":"page-builder","ast-global-header-display":"","ast-banner-title-visibility":"","ast-main-header-display":"","ast-hfb-above-header-display":"","ast-hfb-below-header-display":"","ast-hfb-mobile-header-display":"","site-post-title":"disabled","ast-breadcrumbs-content":"","ast-featured-img":"disabled","footer-sml-layout":"","theme-transparent-header-meta":"","adv-header-id-meta":"","stick-header-meta":"","header-above-stick-meta":"","header-main-stick-meta":"","header-below-stick-meta":"","footnotes":""},"class_list":["post-915","page","type-page","status-publish","hentry"],"_links":{"self":[{"href":"https:\/\/blandino.com.do\/site\/wp-json\/wp\/v2\/pages\/915","targetHints":{"allow":["GET"]}}],"collection":[{"href":"https:\/\/blandino.com.do\/site\/wp-json\/wp\/v2\/pages"}],"about":[{"href":"https:\/\/blandino.com.do\/site\/wp-json\/wp\/v2\/types\/page"}],"author":[{"embeddable":true,"href":"https:\/\/blandino.com.do\/site\/wp-json\/wp\/v2\/users\/1"}],"replies":[{"embeddable":true,"href":"https:\/\/blandino.com.do\/site\/wp-json\/wp\/v2\/comments?post=915"}],"version-history":[{"count":13,"href":"https:\/\/blandino.com.do\/site\/wp-json\/wp\/v2\/pages\/915\/revisions"}],"predecessor-version":[{"id":1002,"href":"https:\/\/blandino.com.do\/site\/wp-json\/wp\/v2\/pages\/915\/revisions\/1002"}],"wp:attachment":[{"href":"https:\/\/blandino.com.do\/site\/wp-json\/wp\/v2\/media?parent=915"}],"curies":[{"name":"wp","href":"https:\/\/api.w.org\/{rel}","templated":true}]}}